{"id":20,"date":"2021-05-27T09:32:47","date_gmt":"2021-05-27T07:32:47","guid":{"rendered":"http:\/\/www.laconchigliahotel.com\/?page_id=20"},"modified":"2023-03-03T15:31:45","modified_gmt":"2023-03-03T14:31:45","slug":"vacanze-in-sicurezza","status":"publish","type":"page","link":"https:\/\/www.laconchigliahotel.com\/de\/vacanze-in-sicurezza\/","title":{"rendered":"Urlaub in Sicherheit"},"content":{"rendered":"<section class=\"wao-blocks-container container-fluid mb-0\"\n\t\t>\n    \n<div class=\"wao-blocks-row row\" >\n    \n\n<div class=\"col-12 col-md-12\"\n     \n\t \n\t>\n        \n\n<div class=\"wao-blocks-immagine-src text-center py-3\" \n    >\n                    <img decoding=\"async\" src=\"https:\/\/www.laconchigliahotel.com\/wp-content\/uploads\/2021\/06\/sprite.png\"  alt=\"Sprite\">\n    <\/div>\n\n\n<div class=\"breadcrumb-block\"\n    >\n    <div class=\"text-secondary mx-auto text-center small\">\n        <a href=\"https:\/\/www.laconchigliahotel.com\/de\" rel=\"nofollow\" title=\"Startseite\">Startseite &gt;<\/a>\n        Urlaub in Sicherheit    <\/div>\n<\/div>\n\n\n<h2 class=\"has-text-align-center py-3 wp-block-heading\">Urlaub in Sicherheit<\/h2>\n\n    <\/div>\n<\/div>\n<\/section>\n\n<section class=\"wao-blocks-container container-fluid mb-0\"\n\t\t>\n    \n<div class=\"wao-blocks-row row\" >\n    \n\n<div class=\"col-12 col-md-6 p-0\"\n     \n\t \n\t>\n        \n    <figure\n        class=\"wao-blocks-immagine-bkg h-100\"\n        style=\"background: url('https:\/\/www.laconchigliahotel.com\/wp-content\/uploads\/2021\/06\/vacanzeinsicurezza_adeguamento-covid-1024x685.jpg') center center \/ cover no-repeat; min-height: 400px;\"\n        >\n            <\/figure>\n\n    <\/div>\n\n\n<div class=\"col-12 col-md-6 bordo-gradient  p-5 d-flex align-items-center\"\n     \n\t \n\t>\n        \n<div>\n\n\n<h2 class=\"wp-block-heading\">Abgleich Covid-19<\/h2>\n\n\n\n<p class=\"pt-2 pt-md-5\">Im Hotel La Conchiglia haben wir wesentliche \u00c4nderungen vorgenommen, um die Sicherheit aller unserer G\u00e4ste zu gew\u00e4hrleisten. Wir wollen garantieren<strong> angenehme und sichere Ferien<\/strong>nach den geltenden Vorschriften.<\/p>\n\n\n\n<p>Hier finden Sie all die neuen Dinge, die Sie im Hotel willkommen hei\u00dfen, die \u00c4nderungen, die wir vorgenommen haben und die kleinen Aufmerksamkeiten, die wir Sie bitten, w\u00e4hrend Ihres Aufenthalts zu beachten.<\/p>\n\n\n<\/div>\n    <\/div>\n<\/div>\n<\/section>\n\n<section class=\"wao-blocks-container container-fluid mb-0\"\n\t\t>\n    \n<div class=\"wao-blocks-row row\" >\n    \n\n<div class=\"col-12 col-md-6 order-md-1 order-2 bordo-gradient  p-5 d-flex align-items-center\"\n     \n\t \n\t>\n        \n<div>\n\n\n<h2 class=\"wp-block-heading\">Organisation<\/h2>\n\n\n\n<p class=\"pt-2 pt-md-5\">W\u00e4hrend Ihres Aufenthaltes im Hotel bitten wir Sie, zum Schutz der Sicherheit aller, Folgendes zu beachten <strong>achten Sie auf zwischenmenschliche Distanz<\/strong> gew\u00fcnscht, sowohl von anderen G\u00e4sten als auch von unserem Personal.<\/p>\n\n\n\n<p>Der Check-in erfolgt wie gewohnt. Um den Anmeldeprozess zu beschleunigen, k\u00f6nnen Sie Ihre Unterlagen bei der Ankunft hinterlegen, die Sie am Tag zur\u00fcckerhalten, und direkt auf Ihr Zimmer gehen.<\/p>\n\n\n\n<p>Alle unsere Mitarbeiter tragen <strong>pers\u00f6nliche Schutzausr\u00fcstung<\/strong> (Handschuhe, Masken, Geh\u00f6rschutz, etc...) entsprechend der anstehenden Aufgabe und desinfizieren Sie Ihre H\u00e4nde h\u00e4ufig mit einer geeigneten L\u00f6sung auf Alkoholbasis. Au\u00dferdem ist er vorbereitet und bereit, jede Ihrer Fragen oder Zweifel zu beantworten, aber keine Sorge: alles wird Ihnen ausf\u00fchrlich erkl\u00e4rt, sobald Sie im Hotel ankommen.<\/p>\n\n\n<\/div>\n    <\/div>\n\n\n<div class=\"col-12 col-md-6 p-0 order-md-2 order-1\"\n     \n\t \n\t>\n        \n    <figure\n        class=\"wao-blocks-immagine-bkg h-100\"\n        style=\"background: url('https:\/\/www.laconchigliahotel.com\/wp-content\/uploads\/2021\/06\/vacanzeinsicurezza_organizzazione.jpg') center center \/ cover no-repeat; min-height: 400px;\"\n        >\n            <\/figure>\n\n    <\/div>\n<\/div>\n<\/section>\n\n<section class=\"wao-blocks-container container-fluid mb-0\"\n\t\t>\n    \n<div class=\"wao-blocks-row row\" >\n    \n\n<div class=\"col-12 col-md-6 p-0\"\n     \n\t \n\t>\n        \n    <figure\n        class=\"wao-blocks-immagine-bkg h-100\"\n        style=\"background: url('https:\/\/www.laconchigliahotel.com\/wp-content\/uploads\/2021\/06\/vacanzeinsicurezza_spazicomuni-1024x683.jpg') center center \/ cover no-repeat; min-height: 400px;\"\n        >\n            <\/figure>\n\n    <\/div>\n\n\n<div class=\"col-12 col-md-6 bordo-gradient  p-5 d-flex align-items-center\"\n     \n\t \n\t>\n        \n<div>\n\n\n<h2 class=\"wp-block-heading\">Gemeinsame R\u00e4ume<\/h2>\n\n\n\n<p class=\"pt-2 pt-md-5\">Wir haben komfortable T\u00fcrmchen vorbereitet, komplett mit<strong> Desinfektionsmittel auf Alkoholbasis<\/strong> e <strong>Schutzhandschuhe<\/strong>Benutzen Sie es frei, so oft Sie wollen.<\/p>\n\n\n\n<p>Wir haben auch spezielle Plakate aufgeh\u00e4ngt mit<strong> Verhaltensweisen, die zu respektieren sind<\/strong> und eine ad\u00e4quate Beschilderung, um den Zu- und Abfluss der G\u00e4ste zu steuern.<\/p>\n\n\n\n<p>Denken Sie daran <strong>tragen Sie Ihre Maske<\/strong> wenn Sie sich in den Gemeinschaftsbereichen unseres Hotels bewegen. Wenn Sie keinen dabei haben, k\u00f6nnen Sie an der Rezeption gegen eine geringe Geb\u00fchr einen anfordern.<\/p>\n\n\n\n<p>Im Aufzug bitten wir Sie, einen Sicherheitsabstand zu anderen G\u00e4sten einzuhalten, es sei denn, sie geh\u00f6ren zu Ihrer Familie oder teilen ein Zimmer mit Ihnen.<\/p>\n\n\n\n<p>Dar\u00fcber hinaus werden wir uns t\u00e4glich bem\u00fchen <strong>reinigen und desinfizieren<\/strong> mit geeigneten Reinigungsmitteln, h\u00e4ufiger und sorgf\u00e4ltiger als \u00fcblich, die Gemeinschaftsr\u00e4ume, Einrichtungsgegenst\u00e4nde und enthaltenen Gegenst\u00e4nde.<\/p>\n\n\n<\/div>\n    <\/div>\n<\/div>\n<\/section>\n\n<section class=\"wao-blocks-container container-fluid mb-0\"\n\t\t>\n    \n<div class=\"wao-blocks-row row\" >\n    \n\n<div class=\"col-12 col-md-6 order-md-1 order-2 bordo-gradient  p-5 d-flex align-items-center\"\n     \n\t \n\t>\n        \n<div>\n\n\n<h2 class=\"wp-block-heading\">R\u00e4ume<\/h2>\n\n\n\n<p class=\"pt-2 pt-md-5\">Sicher schlafen: jeden Tag und vor allem nach jedem Zimmerwechsel eines Gastes <strong>wird gereinigt und desinfiziert<\/strong> mit noch mehr Sorgfalt als sonst, ebenso wie die Bettw\u00e4sche und Handt\u00fccher.<\/p>\n\n\n\n<p>Wenn Sie nicht m\u00f6chten, dass das Reinigungspersonal w\u00e4hrend Ihres Aufenthaltes Ihr Zimmer betritt, teilen Sie uns dies bitte vor Ihrer Anreise mit.<\/p>\n\n\n<\/div>\n    <\/div>\n\n\n<div class=\"col-12 col-md-6 p-0 order-md-2 order-1\"\n     \n\t \n\t>\n        \n    <figure\n        class=\"wao-blocks-immagine-bkg h-100\"\n        style=\"background: url('https:\/\/www.laconchigliahotel.com\/wp-content\/uploads\/2021\/06\/camera-nuova-1-jpg.jpg') center center \/ cover no-repeat; min-height: 400px;\"\n        >\n            <\/figure>\n\n    <\/div>\n<\/div>\n<\/section>\n\n<section class=\"wao-blocks-container container-fluid mb-0\"\n\t\t>\n    \n<div class=\"wao-blocks-row row\" >\n    \n\n<div class=\"col-12 col-md-6 p-0\"\n     \n\t \n\t>\n        \n    <figure\n        class=\"wao-blocks-immagine-bkg h-100\"\n        style=\"background: url('https:\/\/www.laconchigliahotel.com\/wp-content\/uploads\/2021\/06\/homepage_spiaggiaprivata-946x1024.jpg') center center \/ cover no-repeat; min-height: 400px;\"\n        >\n            <\/figure>\n\n    <\/div>\n\n\n<div class=\"col-12 col-md-6 bordo-gradient  p-5 d-flex align-items-center\"\n     \n\t \n\t>\n        \n<div>\n\n\n<h2 class=\"wp-block-heading\">Strand<\/h2>\n\n\n\n<p class=\"pt-2 pt-md-5\">Sowohl an unserem Privatstrand als auch am konventionellen Strand wird es Ihnen sicher nicht an Platz mangeln: <strong>jeder Schirm wird richtig beabstandet sein<\/strong> sowie Liegen und Liegest\u00fchle nach jedem G\u00e4stewechsel gereinigt werden.<\/p>\n\n\n\n<p>Denken Sie einfach daran <strong>soziale Distanzierung muss gewahrt werden<\/strong> zu Ihrem Sitzplatz oder, falls dies nicht m\u00f6glich ist, verwenden Sie die Maske.<\/p>\n\n\n\n<p>Zus\u00e4tzlich k\u00f6nnen Sie verbrauchen <strong>Mahlzeiten zum Mitnehmen oder Liefern<\/strong> gem\u00fctlich unter dem Regenschirm sitzen.<\/p>\n\n\n<\/div>\n    <\/div>\n<\/div>\n<\/section>\n\n<section class=\"wao-blocks-container container-fluid mb-0\"\n\t\t>\n    \n<div class=\"wao-blocks-row row\" >\n    \n\n<div class=\"col-12 col-md-6 order-md-1 order-2 bordo-gradient  p-5 d-flex align-items-center\"\n     \n\t \n\t>\n        \n<div>\n\n\n<h2 class=\"wp-block-heading\">Schwimmbad<\/h2>\n\n\n\n<p class=\"pt-2 pt-md-5\">Da es wissenschaftlich erwiesen ist <strong>Chlor<\/strong> um die Ausbreitung des Virus zu verhindern, haben wir uns entschlossen, Ihnen die Nutzung unseres Pools nicht vorzuenthalten.<\/p>\n\n\n\n<p>Wir m\u00f6chten jedoch<strong> Sicherheitsabst\u00e4nde<\/strong> Wir werden daher die Eing\u00e4nge kontingentieren und die maximal zul\u00e4ssige Personenzahl sowohl durch entsprechende Beschilderung als auch durch die Mitarbeit und Kontrolle der <strong>Rettungsdienst<\/strong>.<\/p>\n\n\n\n<p>Alle Poolbel\u00e4ge, wie z.B. Sonnenschirme, Liegest\u00fchle oder Liegen, werden vom Hotel gestellt.<strong> h\u00e4ufig desinfizieren<\/strong>.<\/p>\n\n\n<\/div>\n    <\/div>\n\n\n<div class=\"col-12 col-md-6 p-0 order-md-2 order-1\"\n     \n\t \n\t>\n        \n    <figure\n        class=\"wao-blocks-immagine-bkg h-100\"\n        style=\"background: url('https:\/\/www.laconchigliahotel.com\/wp-content\/uploads\/2021\/06\/piscina-vista-spiaggia-ombrelloni1-1024x689.jpg') center center \/ cover no-repeat; min-height: 400px;\"\n        >\n            <\/figure>\n\n    <\/div>\n<\/div>\n<\/section>\n\n<section class=\"wao-blocks-container container-fluid mb-0\"\n\t\t>\n    \n<div class=\"wao-blocks-row row\" >\n    \n\n<div class=\"col-12 col-md-6 p-0\"\n     \n\t \n\t>\n        \n    <figure\n        class=\"wao-blocks-immagine-bkg h-100\"\n        style=\"background: url('https:\/\/www.laconchigliahotel.com\/wp-content\/uploads\/2021\/06\/ristorante_no-header4.jpg') center center \/ cover no-repeat; min-height: 400px;\"\n        >\n            <\/figure>\n\n    <\/div>\n\n\n<div class=\"col-12 col-md-6 bordo-gradient  p-5 d-flex align-items-center\"\n     \n\t \n\t>\n        \n<div>\n\n\n<h2 class=\"wp-block-heading\">Restaurant<\/h2>\n\n\n\n<p class=\"pt-2 pt-md-5\">Am Tisch haben wir <strong>die Tische im Abstand<\/strong> und St\u00fchle, damit Sie Ihre Mahlzeiten in Sicherheit und Ruhe genie\u00dfen k\u00f6nnen.<\/p>\n\n\n\n<p>Der Zugang zum Raum wird durch Hinweisschilder mit den folgenden Informationen geregelt <strong>Desinfektionsmittel und Handschuhe<\/strong>w\u00e4hrend am Boden die entsprechenden Schilder angebracht sind, die Ihnen helfen, den richtigen Abstand zwischen den Personen einzuhalten. Au\u00dferdem ist immer ein Mitarbeiter von uns anwesend, der Ihnen bei der Einhaltung aller erforderlichen Vorsichtsma\u00dfnahmen hilft.<\/p>\n\n\n\n<p>Alle Mahlzeiten werden zu Ihnen kommen <strong>bequem am Tisch serviert<\/strong>und nach jedem G\u00e4stewechsel ordnungsgem\u00e4\u00df gereinigt und desinfiziert werden.<\/p>\n\n\n\n<p>La <strong>Fr\u00fchst\u00fcck<\/strong> Das Buffet wird aus Produkten bestehen, die durch Plexiglasbarrieren gesch\u00fctzt sind und unser Personal wird Ihnen am Tisch ein schmackhaftes Gericht zubereiten und servieren, das nach Ihren W\u00fcnschen gef\u00fcllt wird.<\/p>\n\n\n\n<p>A <strong>Mittagessen und Abendessen<\/strong> Sie k\u00f6nnen aus einer Vielzahl von Fleisch- und Fischmen\u00fcs w\u00e4hlen, und als Beilage k\u00f6nnen Sie einen Kellner bitten, Ihren Teller mit dem zu f\u00fcllen, was Sie bevorzugen, aus unseren reichhaltigen Gem\u00fcsebuffets und verschiedenen Delikatessen. Wie jedes Jahr bieten wir auch frisches Obst und Desserts an, um ein tolles Essen abzurunden.<\/p>\n\n\n\n<p>Sie k\u00f6nnen auch nach einem A-la-carte-Men\u00fc mit einer doppelten Auswahl f\u00fcr den n\u00e4chsten Tag fragen, so dass Sie mit einer klaren Vorstellung von dem, was Sie essen m\u00f6chten, im Restaurant ankommen k\u00f6nnen.<\/p>\n\n\n\n<p>Zur Mittagszeit k\u00f6nnen Sie auf Wunsch <strong>Tablett<\/strong> mit den von Ihnen bevorzugten Pr\u00e4sensgerichten, von <strong>am Strand speisen<\/strong>unter dem Sonnenschirm, oder in unserer gem\u00fctlichen Veranda.<\/p>\n\n\n<\/div>\n    <\/div>\n<\/div>\n<\/section>\n\n<section class=\"wao-blocks-container container-fluid mb-5\"\n\t\t>\n    \n<div class=\"wao-blocks-row row\" >\n    \n\n<div class=\"col-12 col-md-6 order-md-1 order-2 bordo-gradient  p-5 d-flex align-items-center\"\n     \n\t \n\t>\n        \n<div>\n\n\n<h2 class=\"wp-block-heading\">Stornierungsrichtlinien<\/h2>\n\n\n\n<p class=\"pt-2 pt-md-5\">Zum Zeitpunkt der Buchung werden Sie um eine Anzahlung von 150 Euro gebeten, um die Reservierung zu best\u00e4tigen, aber wenn Sie nicht kommen k\u00f6nnen, werden wir eine <strong>Gutschein zum Einl\u00f6sen f\u00fcr Ihren n\u00e4chsten Urlaub<\/strong><\/p>\n\n\n<\/div>\n    <\/div>\n\n\n<div class=\"col-12 col-md-6 p-0 order-md-2 order-1\"\n     \n\t \n\t>\n        \n    <figure\n        class=\"wao-blocks-immagine-bkg h-100\"\n        style=\"background: url('https:\/\/www.laconchigliahotel.com\/wp-content\/uploads\/2021\/06\/homepage_vacanza-senza-tempo-1024x680.jpg') center center \/ cover no-repeat; min-height: 400px;\"\n        >\n            <\/figure>\n\n    <\/div>\n<\/div>\n<\/section>\n\n<div class=\"p-4 mx-auto\">\n\n<section class=\"wao-blocks-container container-fluid mb-0\"\n\t\t>\n    \n<div class=\"wao-blocks-row row\" >\n    \n\n<div class=\"col-12 col-md-4 px-0\"\n     \n\t \n\t>\n        \n<div class=\"p-4 text-center\">\n\n\n<div class=\"wao-blocks-immagine-src\" \n    >\n                    <img decoding=\"async\" src=\"https:\/\/www.laconchigliahotel.com\/wp-content\/uploads\/2021\/06\/icon-mappa-1.png\"  alt=\"Wo wir sind Hotel La Conchiglia Rimini\">\n    <\/div>\n\n\n<h2 class=\"py-3 wp-block-heading\">Wo wir sind<\/h2>\n\n\n<p>\n<\/br>\n\n\n<\/p>\n\n\n<div class=\"wao-blocks-button\" >\n\t<a href=\"https:\/\/www.laconchigliahotel.com\/de\/dove-siamo\/\" \n\t\tclass=\"btn btn-outline-secondary\"\n        title=\"Wo wir sind Hotel La Conchiglia Rimini\" \n\t>\t\n\t\t\t\tENTDECKEN\t\t<i class=\"fas fa-arrow-right ml-3\"><\/i> \t<\/a>\n<\/div>\n\n<\/div>\n    <\/div>\n\n\n<div class=\"col-12 col-md-8 p-0\"\n     \n\t \n\t>\n        \n<iframe class=\"js--lazy-load\" title=\"Google Map, um das Hotel la Conchiglia Rimini zu erreichen\" data-src=\"https:\/\/www.google.com\/maps\/embed?pb=!1m18!1m12!1m3!1d425.8688484321222!2d12.51385165954089!3d44.10620587897548!2m3!1f0!2f0!3f0!3m2!1i1024!2i768!4f13.1!3m3!1m2!1s0x132cc69621920857%3A0x8e9599405a98aac3!2sLa%20Conchiglia!5e0!3m2!1sen!2sit!4v1622560476468!5m2!1sen!2sit\" width=\"100%\" height=\"100%\" allowfullscreen=\"\" loading=\"lazy\" style=\"min-height:450px;margin-bottom:0;\"><\/iframe>\n    <\/div>\n<\/div>\n\n<div class=\"wao-blocks-row row bordo-gradient-top\" >\n    \n\n<div class=\"col-12 col-md-4 p-0 order-md-1 order-2\"\n     \n\t \n\t>\n        \n    <figure\n        class=\"wao-blocks-immagine-bkg w-100 h-100\"\n        style=\"background: url('https:\/\/www.laconchigliahotel.com\/wp-content\/uploads\/2022\/03\/dove-conchiglia.jpg') center center \/ cover no-repeat; min-height: 400px;\"\n        >\n            <\/figure>\n\n    <\/div>\n\n\n<div class=\"col-12 col-md-8 p-5  order-md-2 order-1\"\n     \n\t \n\t>\n        \n\n<h2 class=\"py-3 wp-block-heading\">Neue Fu\u00dfg\u00e4ngerpromenade<\/h2>\n\n\n\n<p>Eine neue Art, Ihren Urlaub zu erleben, mit einem <strong>angenehme Fu\u00dfg\u00e4ngerzone mit wenig Verkehr<\/strong>. Laden Sie hier das Formular f\u00fcr den Zugang zur ZTL-Zone herunter, f\u00fcllen Sie es mit allen Daten aus und <strong>bei der Ankunft im Hotel abgeben<\/strong>wir werden uns um alles k\u00fcmmern! Bitte beachten Sie, dass der Zugang zum Hotel und der Aufenthalt f\u00fcr die Zeit von <strong>Be- und Entladen von Gep\u00e4ck<\/strong>als auch f\u00fcr <strong>Einfahrt und Ausfahrt aus dem Hotelparkplatz<\/strong>.<\/p>\n\n\n\n<div class=\"wao-blocks-button\" >\n\t<a href=\"https:\/\/www.laconchigliahotel.com\/wp-content\/uploads\/2022\/03\/autocertificazione-ztl.pdf\" \n\t\tclass=\"btn btn-outline-secondary\"\n        title=\"ZTL Genehmigung Hotel la Conchiglia Rimini\" \n\t\ttarget=\"_blank\" \n\t>\t\n\t\t\t\tZTL-Genehmigung herunterladen\t\t<i class=\"fas fa-arrow-right ml-3\"><\/i> \t<\/a>\n<\/div>\n    <\/div>\n<\/div>\n<\/section>\n\n<\/div>\n\n<section class=\"wao-blocks-container container-fluid mb-5 py-2 px-md-5\"\n\t\t>\n    \n<div class=\"g--bkg-light-01 py-3 mx-50\">\n\n<div class=\"wao-blocks-row row g--bkg-light-02 p-3 mx-neg-50\" >\n    \n\n<div class=\"col-12 col-md-3 d-flex align-items-center\"\n     \n\t \n\t>\n        \n\n<div class=\"wao-blocks-immagine-src\" \n    >\n                    <img decoding=\"async\" src=\"https:\/\/www.laconchigliahotel.com\/wp-content\/uploads\/2021\/06\/ico-envelope-primary-1.png\"  class=\"img-fluid\"  alt=\"Ansprechpartner Hotel La Conchiglia Rimini\">\n    <\/div>\n    <\/div>\n\n\n<div class=\"col-12 col-md-9\"\n     \n\t \n\t>\n        \n<div class=\"\">\n\n\n<h2 class=\"wp-block-heading\">Newsletter<\/h2>\n\n\n\n<p>Alle unsere Angebote und Promotionen in der Vorschau nur f\u00fcr Sie. Hinterlassen Sie uns Ihre E-Mail, wir k\u00fcmmern uns um alles.<\/p>\n\n\n<script src=\"https:\/\/www.google.com\/recaptcha\/enterprise.js?render=6LdKs-6Lc3xMIcAAAAAO2K3CkgGUYb6BcsBOk289jP7NUP\"><\/script>\n<div class=\"l--box-newsletter wao-blocks-nav-tab\" >\n    <form class=\"custom\" name=\"iscrizione_newsletter\" id=\"iscrizione_newsletter\" method=\"post\" autocomplete=\"OFF\" action=\"\">\n        <fieldset>\n            <div class=\"form-group row\">\n                <div id=\"newsletter\" class=\"col-12 col-lg-12 mx-auto\">\n<input value=\"on\" type=\"checkbox\" name=\"news_privacy\" id=\"news_privacy\">\n<label for=\"news_privacy\">*\n    <small>\n        <a href=\"javascript:void(0)\" title=\"Datenschutz\"\n            class=\"privacy link-privacy-policy\" style=\"cursor: pointer;\">\n            Ich akzeptiere Datenschutz\n        <\/a>\n    <\/small>\n<\/label>\n<\/div>                <div class=\"col-12 col-lg-4 mx-auto\">\n                    <input type=\"text\" class=\"form-control\" id=\"news_nome\" name=\"nome\" placeholder=\"Name*\">\n                <\/div>\n                <div class=\"col-12 col-lg-4 mx-auto\">\n                    <input type=\"text\" class=\"form-control\" id=\"news_email\" name=\"email\" value=\"\" placeholder=\"E-Mail*\">\n                <\/div>\n                                <div class=\"col-12 col-lg-4 mx-auto\">\n                    <button class=\"btn btn-primary text-uppercase\"type=\"submit\" id=\"iscrizioneNewsletter\">\n                        Anmelden\n                    <\/button>\n                    <input name=\"dominio\" type=\"hidden\" value=\"https:\/\/www.laconchigliahotel.com\/de\/\">\n                    <input name=\"idHotel\" type=\"hidden\" value=\"675\">\n                    <input name=\"lingua\" type=\"hidden\" value=\"it\">\n                <\/div>\n            <\/div>\n        <\/fieldset>\n    <input type=\"hidden\" name=\"trp-form-language\" value=\"de\"\/><\/form>\n<\/div>\n<div id=\"divAlert\" class=\"h-50 w-50 m-auto alert-info d-none\" style=\"position: fixed; top: 10px; left: 10px; right: 10px; bottom: 10px; z-index: 2000; overflow: auto\">\n\t<div class=\"text-right\">\n\t\t<a class=\"btn btn-primary btn_chiudi\" href=\"javascript:void(0)\" onclick=\"location.reload(true);\" title=\"Schlie\u00dfen\"><i class=\"fa fa-times\" aria-hidden=\"true\"><\/i><\/a>\n\t<\/div>\n\t<div class=\"text-center alert-info l--align-middle-vertical\" style=\"height: calc(100% - 50px);\">\n\t\t<div class=\"logo\"><\/div>\n\t\t<div class=\"text-center h-50 w-50\">\n\t\t\t<span class=\"display-3\"><i class=\"fa fa-paper-plane\" aria-hidden=\"true\"><\/i><\/span>\n\t\t\t<h4>Newsletter-Abonnement erfolgreich abgeschlossen<\/h4>\n\t\t<\/div>\n\t<\/div>\n<\/div>\n\n\n<\/div>\n    <\/div>\n<\/div>\n\n<\/div>\n<\/section>\n\n<section class=\"wao-blocks-container container-fluid mb-2 gradient\"\n\t\t>\n    \n<section class=\"wao-blocks-container container mb-2 p-md-5 p-3\"\n\t\t>\n    \n\n<h2 class=\"has-text-align-center text-white pb-3 wp-block-heading\">Kontaktieren Sie uns f\u00fcr ein Angebot<\/h2>\n\n\n<div class=\"wao-blocks-row row bg-white\" >\n    \n\n<div class=\"col-12 col-md-12 px-md-5\"\n     \n\t \n\t>\n        \n\n<div class=\"merida_root\" id=\"merida_block\"><\/div>\n\n<script>\nvar merida_config_merida_block = {\n    customerId: 675 ,\n    showSuccessModal : true,\n    rootEl: \"merida_block\",\n    childrenAgeMax: 16,\n    childrenAgeMin: 0,\n    layout: \"compact\",\n    language: \"de\",\n                theme : {\n        colors: {\n            primary: '#a28ec2',\n            primaryTextAlt: '#ffffff',\n            secondary: '#a28ec2',\n            secondaryTextAlt: '#ffffff',\n            text: '#3e464c',\n            error: '#cc0033',\n            formBackground: '#ffffff',\n            label: '#4d4d4d',\n            labelInput: '#a28ec2',\n            labelInputActive: '#a28ec2',\n            inputBackground: '#eeeeee',\n            inputBorder: '#eeeeee',\n            checkboxBorder: '#eeeeee',\n        }\n    },\n    onSuccess : function(res) {\n        \n                        if (typeof(ga) !== 'undefined') {\n                   ga('send', 'event', 'Email', 'Invio', 'Form');\n                }\n                    }\n};\n\n(function(url, cb) {\n    var s = document.createElement(\"script\");\n    s.type = \"text\/javascript\";\n\n    if (s.readyState) { \/\/IE\n        s.onreadystatechange = function() {\n            if (s.readyState == \"loaded\" || s.readyState == \"complete\") {\n                s.onreadystatechange = null;\n                cb();\n            }\n        };\n    } else { \/\/Others\n        s.onload = function() {\n            cb();\n        };\n    }\n\n    s.src = url;\n    document.getElementsByTagName(\"head\")[0].appendChild(s);\n})(\"https:\/\/static.adriasonline.it\/merida\/latest\/merida.js\", function() {\n    window.aoForm = merida(merida_config_merida_block);\n});\n<\/script>\n    <\/div>\n<\/div>\n<\/section>\n<\/section>","protected":false},"excerpt":{"rendered":"","protected":false},"author":1,"featured_media":0,"parent":0,"menu_order":0,"comment_status":"closed","ping_status":"closed","template":"","meta":{"footnotes":""},"class_list":["post-20","page","type-page","status-publish","hentry"],"_links":{"self":[{"href":"https:\/\/www.laconchigliahotel.com\/de\/wp-json\/wp\/v2\/pages\/20","targetHints":{"allow":["GET"]}}],"collection":[{"href":"https:\/\/www.laconchigliahotel.com\/de\/wp-json\/wp\/v2\/pages"}],"about":[{"href":"https:\/\/www.laconchigliahotel.com\/de\/wp-json\/wp\/v2\/types\/page"}],"author":[{"embeddable":true,"href":"https:\/\/www.laconchigliahotel.com\/de\/wp-json\/wp\/v2\/users\/1"}],"replies":[{"embeddable":true,"href":"https:\/\/www.laconchigliahotel.com\/de\/wp-json\/wp\/v2\/comments?post=20"}],"version-history":[{"count":1,"href":"https:\/\/www.laconchigliahotel.com\/de\/wp-json\/wp\/v2\/pages\/20\/revisions"}],"predecessor-version":[{"id":2168,"href":"https:\/\/www.laconchigliahotel.com\/de\/wp-json\/wp\/v2\/pages\/20\/revisions\/2168"}],"wp:attachment":[{"href":"https:\/\/www.laconchigliahotel.com\/de\/wp-json\/wp\/v2\/media?parent=20"}],"curies":[{"name":"wp","href":"https:\/\/api.w.org\/{rel}","templated":true}]}}