{"id":23,"date":"2021-05-27T09:33:11","date_gmt":"2021-05-27T07:33:11","guid":{"rendered":"http:\/\/www.laconchigliahotel.com\/?page_id=23"},"modified":"2026-04-24T16:27:13","modified_gmt":"2026-04-24T14:27:13","slug":"servizi","status":"publish","type":"page","link":"https:\/\/www.laconchigliahotel.com\/de\/servizi\/","title":{"rendered":"Dienste"},"content":{"rendered":"<div class=\"video-container sf-video-servizi\">\n    <div class=\"position-absolute text-center w-100 h-100 d-flex justify-content-center\">\n        <div class=\"d-flex justify-content-center align-items-end h-100\">\n            <div class=\"text-center mx-auto text-center d-flex flex-column\"><div class=\"h1 text-over-slider h1 text-white pb-5 mb-5 js--hideme\" data-anim=\"zoomIn\">Dienste<\/div>\n            <div class=\"linea-over-video mx-auto mb-0\"><\/div><\/div>\n        <\/div>\n    <\/div>\n    <iframe src=\"https:\/\/player.vimeo.com\/video\/1107385478?autoplay=1&loop=1&autopause=0&background=1\" frameborder=\"0\" allow=\"autoplay; fullscreen; picture-in-picture; clipboard-write\" title=\"Video-Dienstleistungen Hotel La Conchiglia - Torre Pedrera\" class=\"d-block\"><\/iframe>\n    <script src=\"https:\/\/player.vimeo.com\/api\/player.js\"><\/script>\n<\/div>\n\n<section class=\"wao-blocks-container container-fluid mb-0 py-3\"\n\t\t>\n    \n<div class=\"wao-blocks-row row\" >\n    \n\n<div class=\"col-12 col-md-12\"\n     \n\t \n\t>\n        \n\n<div class=\"wao-blocks-immagine-src text-center pb-3\" \n    >\n                    <img decoding=\"async\" src=\"https:\/\/www.laconchigliahotel.com\/wp-content\/uploads\/2021\/06\/sprite.png\"  alt=\"Sprite\">\n    <\/div>\n\n\n<div class=\"breadcrumb-block\"\n    >\n    <div class=\"text-secondary mx-auto text-center small\">\n        <a href=\"https:\/\/www.laconchigliahotel.com\/de\" rel=\"nofollow\" title=\"Startseite\">Startseite &gt;<\/a>\n        Dienste    <\/div>\n<\/div>\n    <\/div>\n<\/div>\n<\/section>\n\n<section class=\"wao-blocks-container container-fluid mb-0\"\n\t\t>\n    \n<div class=\"wao-blocks-row row\" >\n    \n\n<div class=\"col-12 col-md-6 p-0\"\n     \n\t \n\t>\n        \n    <figure\n        class=\"wao-blocks-immagine-bkg h-100\"\n        style=\"background: url('https:\/\/www.laconchigliahotel.com\/wp-content\/uploads\/2023\/07\/servizi-2023-002.jpg') center center \/ cover no-repeat; min-height: 400px;\"\n        >\n            <\/figure>\n\n    <\/div>\n\n\n<div class=\"col-12 col-md-6 bordo-gradient  p-5 d-flex align-items-center\"\n     \n\t \n\t>\n        \n<div>\n\n\n<h1 class=\"wp-block-heading\">Unser Service<\/h1>\n\n\n\n<h2 class=\"wp-block-heading h3 font-alternativo\"><em>Schwimmbad, Strand und vieles mehr<\/em><\/h2>\n\n\n\n<p class=\"has-text-align-left pt-2 pt-md-5\">Unser Hotel, k\u00fcrzlich renoviert, hat <strong>klimatisierte Zimmer und Speisesaal<\/strong>perfekt, um nach einem Tag voller Sonne und Sommerhitze etwas frische Luft zu genie\u00dfen; dar\u00fcber hinaus k\u00f6nnen Sie in jedem Zimmer und in der Halle des Hotels unsere <strong>Wi-Fi-Internetverbindung<\/strong> mit kostenlosem Zugang, um in Verbindung zu bleiben und Ihre Urlaubstage mit Freunden zu teilen.<\/p>\n\n\n\n<p class=\"has-text-align-left\">Tags\u00fcber k\u00f6nnen Sie w\u00e4hlen, ob Sie die Sonne in unserem <strong>Privatstrand<\/strong> oder nehmen Sie ein Bad im gro\u00dfen<strong> Schwimmbad mit Hydromassage<\/strong>w\u00e4hrend sich die Kinder auf dem ihnen gewidmeten Spielplatz vergn\u00fcgen k\u00f6nnen. Das Schwimmbad wird w\u00e4hrend der \u00d6ffnungszeiten von einem <strong>Rettungsschwimmer<\/strong>Es ist der ideale Ort, um ruhige Tage in v\u00f6lliger Sicherheit zu verbringen, besonders f\u00fcr M\u00fctter und V\u00e4ter, die sich entspannen k\u00f6nnen, weil sie wissen, dass ihre Kinder von aufmerksamen Augen bewacht werden.<\/p>\n\n\n\n<p class=\"has-text-align-left\">Alternativ k\u00f6nnen Sie die gro\u00dfe Sonnenterrasse nutzen, auf der pro gebuchtem Zimmer zwei Sonnenliegen kostenlos zur Verf\u00fcgung stehen.<\/p>\n\n\n\n<p class=\"has-text-align-left\">L\u00e4cheln, sch\u00f6ne Gef\u00fchle und H\u00f6flichkeit werden nie fehlen. Wir sind immer bereit, Ihnen unsere Erfahrung in der Gastfreundschaft zu bieten, die Leidenschaft unserer Familie, die von Generation zu Generation weitergegeben wird, um jeden Wunsch zu erf\u00fcllen und Ihnen ein einzigartiges Erlebnis zu bieten. <strong>einladende, professionelle und komfortable Umgebung<\/strong>.<\/p>\n\n\n<\/div>\n    <\/div>\n<\/div>\n<\/section>\n\n<section class=\"wao-blocks-container container-fluid mb-0\"\n\t\t>\n    \n<div class=\"wao-blocks-row row\" >\n    \n\n<div class=\"col-12 col-md-6 order-md-1 order-2 bordo-gradient  p-5 d-flex align-items-center\"\n     \n\t \n\t>\n        \n<div>\n\n\n<h2 class=\"wp-block-heading\">Weitere enthaltene Dienste sind:<\/h2>\n\n\n\n<ul class=\"wp-block-list pt-2 pt-md-5\">\n<li>Fahrr\u00e4der<\/li>\n\n\n\n<li>Aufzug<\/li>\n\n\n\n<li>Auto-Parken<\/li>\n\n\n\n<li>Garage je nach Verf\u00fcgbarkeit<\/li>\n\n\n\n<li>Gro\u00dfe Terrasse mit Blick auf die Abendpromenade<\/li>\n\n\n\n<li>Erm\u00e4\u00dfigungen f\u00fcr die ganze Familie f\u00fcr die wichtigsten Vergn\u00fcgungsparks in der Umgebung<\/li>\n<\/ul>\n\n\n<\/div>\n    <\/div>\n\n\n<div class=\"col-12 col-md-6 p-0 order-md-2 order-1\"\n     \n\t \n\t>\n        \n    <figure\n        class=\"wao-blocks-immagine-bkg 100%\"\n        style=\"background: url('https:\/\/www.laconchigliahotel.com\/wp-content\/uploads\/2023\/07\/gallery-2023-028.jpg') center center \/ cover no-repeat; min-height: 400px;\"\n        >\n            <\/figure>\n\n    <\/div>\n<\/div>\n<\/section>\n\n<section class=\"wao-blocks-container container-fluid mb-0\"\n\t\t>\n    \n<div class=\"wao-blocks-row row\" >\n    \n\n<div class=\"col-12 col-md-6 p-0\"\n     \n\t \n\t>\n        \n    <figure\n        class=\"wao-blocks-immagine-bkg h-100\"\n        style=\"background: url('https:\/\/www.laconchigliahotel.com\/wp-content\/uploads\/2021\/06\/servizi_per-te-e-per-i-tuoi-bambini-1024x683.jpg') center center \/ cover no-repeat; min-height: 400px;\"\n        >\n            <\/figure>\n\n    <\/div>\n\n\n<div class=\"col-12 col-md-6 bordo-gradient  p-5 d-flex align-items-center\"\n     \n\t \n\t>\n        \n<div>\n\n\n<h2 class=\"wp-block-heading\">Ihre Babies sind willkommen!<\/h2>\n\n\n\n<p class=\"pt-2 pt-md-5\">Die Familie ist uns sehr wichtig und wir wissen, wie kompliziert es ist, mit Kindern zu reisen, vor allem mit sehr kleinen Kindern.<\/p>\n\n\n\n<p>Aus diesem Grund haben wir neben der Spiele-Ecke auch viele andere <strong>kostenlose Babyservices<\/strong> f\u00fcr Eltern, die einen ruhigen Urlaub mit ihren Kindern genie\u00dfen wollen.<\/p>\n\n\n<\/div>\n    <\/div>\n<\/div>\n<\/section>\n\n<section class=\"wao-blocks-container container-fluid mb-0\"\n\t\t>\n    \n<div class=\"wao-blocks-row row\" >\n    \n\n<div class=\"col-12 col-md-6 order-md-1 order-2 bordo-gradient  p-5 d-flex align-items-center\"\n     \n\t \n\t>\n        \n<div>\n\n\n<h2 class=\"wp-block-heading\">F\u00fcr Sie und Ihre Kinder bieten wir:<\/h2>\n\n\n\n<ul class=\"wp-block-list pt-2 pt-md-5\">\n<li>Kinderwagen<\/li>\n\n\n\n<li>Flexible Stunden<\/li>\n\n\n\n<li>Zubereitung von Br\u00fchen und Men\u00fcs f\u00fcr Kinder<\/li>\n\n\n\n<li>Mini-K\u00fchlschrank f\u00fcr Milch und Babynahrung<\/li>\n\n\n\n<li>Mikrowellenecke zum Erw\u00e4rmen von Babynahrung und Saugflaschen<\/li>\n\n\n\n<li>Sitzplatz am Tisch im Esszimmer<\/li>\n\n\n\n<li>Wiegen, Kinderbetten und Seitengitter f\u00fcr den Rest der Kleinsten<\/li>\n<\/ul>\n\n\n<\/div>\n    <\/div>\n\n\n<div class=\"col-12 col-md-6 p-0 order-md-2 order-1\"\n     \n\t \n\t>\n        \n    <figure\n        class=\"wao-blocks-immagine-bkg h-100\"\n        style=\"background: url('https:\/\/www.laconchigliahotel.com\/wp-content\/uploads\/2021\/06\/bimba.jpg') center center \/ cover no-repeat; min-height: 400px;\"\n        >\n            <\/figure>\n\n    <\/div>\n<\/div>\n<\/section>\n\n<section class=\"wao-blocks-container container-fluid mb-5\"\n\t\t>\n    \n<div class=\"wao-blocks-row row\" >\n    \n\n<div class=\"col-12 col-md-6 p-0\"\n     \n\t \n\t>\n        \n    <figure\n        class=\"wao-blocks-immagine-bkg h-100\"\n        style=\"background: url('https:\/\/www.laconchigliahotel.com\/wp-content\/uploads\/2023\/07\/servizi-2023-004.jpg') center center \/ cover no-repeat; min-height: 400px;\"\n        >\n            <\/figure>\n\n    <\/div>\n\n\n<div class=\"col-12 col-md-6 bordo-gradient  p-5 d-flex align-items-center\"\n     \n\t \n\t>\n        \n<div>\n\n\n<h2 class=\"wp-block-heading\" id=\"papillon\">Papillon, unsere Cocktailbar<\/h2>\n\n\n\n<p class=\"pt-2 pt-md-5\">Papillon ist unser <strong>cocktail bar<\/strong> sowohl f\u00fcr unsere G\u00e4ste als auch f\u00fcr externe Kunden offen.<\/p>\n\n\n\n<p>Eine gem\u00fctliche und moderne Umgebung, ganzt\u00e4gig ge\u00f6ffnet, wo Sie eine Kaffeepause genie\u00dfen oder einen erfrischenden und farbenfrohen Aperitif nach einem Tag des Sonnenbadens und Schwimmens im Meer oder in unserem Pool genie\u00dfen k\u00f6nnen.<\/p>\n\n\n\n<p>Die Papillon-Bar befindet sich direkt <strong>auf der neuen Promenade<\/strong> von Torre Pedrera, das mit einem ganz neuen Aussehen auf Sie wartet: ein modernes Design und komplett als Fu\u00dfg\u00e4ngerzone, um in Ruhe spazieren zu gehen und mit Fahrradwegen f\u00fcr diejenigen, die sich gerne mit dem Fahrrad fortbewegen. Weitere Neuerungen sind gr\u00fcne Blumenbeete, B\u00e4nke, neue Beleuchtung und gesunde, saubere Luft nicht nur auf der Strandpromenade, sondern auch auf der Promenade.<\/p>\n\n\n<\/div>\n    <\/div>\n<\/div>\n<\/section>","protected":false},"excerpt":{"rendered":"","protected":false},"author":1,"featured_media":0,"parent":0,"menu_order":0,"comment_status":"closed","ping_status":"closed","template":"","meta":{"footnotes":""},"class_list":["post-23","page","type-page","status-publish","hentry"],"_links":{"self":[{"href":"https:\/\/www.laconchigliahotel.com\/de\/wp-json\/wp\/v2\/pages\/23","targetHints":{"allow":["GET"]}}],"collection":[{"href":"https:\/\/www.laconchigliahotel.com\/de\/wp-json\/wp\/v2\/pages"}],"about":[{"href":"https:\/\/www.laconchigliahotel.com\/de\/wp-json\/wp\/v2\/types\/page"}],"author":[{"embeddable":true,"href":"https:\/\/www.laconchigliahotel.com\/de\/wp-json\/wp\/v2\/users\/1"}],"replies":[{"embeddable":true,"href":"https:\/\/www.laconchigliahotel.com\/de\/wp-json\/wp\/v2\/comments?post=23"}],"version-history":[{"count":27,"href":"https:\/\/www.laconchigliahotel.com\/de\/wp-json\/wp\/v2\/pages\/23\/revisions"}],"predecessor-version":[{"id":2952,"href":"https:\/\/www.laconchigliahotel.com\/de\/wp-json\/wp\/v2\/pages\/23\/revisions\/2952"}],"wp:attachment":[{"href":"https:\/\/www.laconchigliahotel.com\/de\/wp-json\/wp\/v2\/media?parent=23"}],"curies":[{"name":"wp","href":"https:\/\/api.w.org\/{rel}","templated":true}]}}