{"id":32,"date":"2021-05-27T09:34:16","date_gmt":"2021-05-27T07:34:16","guid":{"rendered":"http:\/\/www.laconchigliahotel.com\/?page_id=32"},"modified":"2025-12-22T16:14:14","modified_gmt":"2025-12-22T15:14:14","slug":"dove-siamo","status":"publish","type":"page","link":"https:\/\/www.laconchigliahotel.com\/de\/dove-siamo\/","title":{"rendered":"Wo wir sind"},"content":{"rendered":"<section class=\"wao-blocks-container container-fluid mb-0 py-3\"\n\t\t>\n    \n<div class=\"wao-blocks-row row\" >\n    \n\n<div class=\"col-12 col-md-12\"\n     \n\t \n\t>\n        \n\n<div class=\"wao-blocks-immagine-src text-center py-3\" \n    >\n                    <img decoding=\"async\" src=\"https:\/\/www.laconchigliahotel.com\/wp-content\/uploads\/2021\/06\/sprite.png\"  alt=\"Sprite\">\n    <\/div>\n\n\n<div class=\"breadcrumb-block\"\n    >\n    <div class=\"text-secondary mx-auto text-center small\">\n        <a href=\"https:\/\/www.laconchigliahotel.com\/de\" rel=\"nofollow\" title=\"Startseite\">Startseite &gt;<\/a>\n        Wo wir sind    <\/div>\n<\/div>\n    <\/div>\n<\/div>\n<\/section>\n\n<section class=\"wao-blocks-container container-fluid mb-0\"\n\t\t>\n    \n<div class=\"wao-blocks-row row\" >\n    \n\n<div class=\"col-12 col-md-6 p-0\"\n     \n\t \n\t>\n        \n<iframe src=\"https:\/\/www.google.com\/maps\/embed?pb=!1m18!1m12!1m3!1d425.8688484321222!2d12.51385165954089!3d44.10620587897548!2m3!1f0!2f0!3f0!3m2!1i1024!2i768!4f13.1!3m3!1m2!1s0x132cc69621920857%3A0x8e9599405a98aac3!2sLa%20Conchiglia!5e0!3m2!1sen!2sit!4v1622560476468!5m2!1sen!2sit\" width=\"100%\" height=\"100%\" class=\"bordo-gradient-bottom\" allowfullscreen=\"\" loading=\"lazy\" style=\"min-height: 400px;\"><\/iframe>\n    <\/div>\n\n\n<div class=\"col-12 col-md-6 bordo-gradient  p-5 d-flex align-items-center\"\n     \n\t \n\t>\n        \n<div>\n\n\n<h2 class=\"wp-block-heading\">Wo wir sind<\/h2>\n\n\n\n<h3 class=\"wp-block-heading\"><em>Finden Sie heraus, wie Sie uns erreichen k\u00f6nnen<\/em><\/h3>\n\n\n\n<p class=\"has-text-align-left pt-2 pt-md-5\">Wir befinden uns in Torre Pedrera di Rimini, an der neuen und modernen Strandpromenade, direkt am Strand.<\/p>\n\n\n\n<p class=\"has-text-align-left\">Die Ortschaft hat ihren Namen von dem antiken Turm, der 1673 auf Gehei\u00df des Kirchenstaates erbaut wurde: der Turm hatte dank seiner strategischen geographischen Lage eine gewisse Bedeutung f\u00fcr die Kontrolle der maritimen Aktivit\u00e4ten. \"Pedrera\" leitet sich stattdessen von der alten Sitte der Bewohner ab, die f\u00fcr den Bau ihrer H\u00e4user notwendigen Steine aus dem Flussbett des Pedreira zu holen. Daher auch der Name Torre della Pedreira, der heute zu Torre Pedrera geworden ist.<\/p>\n\n\n<\/div>\n    <\/div>\n<\/div>\n<\/section>\n\n<section class=\"wao-blocks-container container-fluid mb-0\"\n\t\t>\n    \n<div class=\"wao-blocks-row row\" >\n    \n\n<div class=\"col-12 col-md-6 bordo-gradient  p-5 d-flex align-items-center order-md-1 order-2\"\n     \n\t \n\t>\n        \n<div>\n\n\n<h2 class=\"wp-block-heading\">Wie Sie uns erreichen<\/h2>\n\n\n\n<p class=\"pt-2 pt-md-5\">MIT DEM AUTO: Von der Ausfahrt Rimini Nord der Autobahn A14 folgen Sie der Beschilderung zum Meer. An der Strandpromenade angekommen, biegen Sie rechts ab und folgen ihr bis zur Badeanstalt Nr. 64.<\/p>\n\n\n\n<p>MIT DEM ZUG: Vom Bahnhof in Rimini nehmen Sie den Bus Nr. 4 Richtung Torre Pedrera. Unser Hotel befindet sich an der Haltestelle Nr. 29.<\/p>\n\n\n\n<p>Das Hotel liegt an der neuen Promenade mit eingeschr\u00e4nktem Verkehr. Um Zugang zu erhalten, m\u00fcssen Sie das Antragsformular hier herunterladen, es mit allen Ihren Angaben ausf\u00fcllen und <strong>es bei Ihrer Ankunft im Hotel abgeben<\/strong>wir werden uns um alles k\u00fcmmern! Der Zugang zum ZTL-Gebiet ist erlaubt, um das Hotel zu erreichen und den Aufenthalt f\u00fcr die Zeit von <strong>Be- und Entladen von Gep\u00e4ck<\/strong>als auch f\u00fcr <strong>Einfahrt und Ausfahrt aus dem Hotelparkplatz<\/strong>.<\/p>\n\n\n<\/div>\n    <\/div>\n\n\n<div class=\"col-12 col-md-6 p-0 order-md-2 order-1\"\n     \n\t \n\t>\n        \n    <figure\n        class=\"wao-blocks-immagine-bkg h-100\"\n        style=\"background: url('https:\/\/www.laconchigliahotel.com\/wp-content\/uploads\/2023\/07\/comeraggiungerci-2023.jpg') center center \/ cover no-repeat; min-height: 400px;\"\n        >\n                <a href=\"https:\/\/www.laconchigliahotel.com\/wp-content\/uploads\/2023\/07\/comeraggiungerci-2023.jpg\" rel=\"ilightBox\" class=\"d-block l--h-100 text-right min-h-100\" style=\"min-height: 400px; \" title=\"Galerie \u00f6ffnen\">\n\n                    <\/a>\n            <\/figure>\n\n    <\/div>\n<\/div>\n<\/section>\n\n<section class=\"wao-blocks-container container-fluid mb-0\"\n\t\t>\n    \n<div class=\"wao-blocks-row row\" >\n    \n\n<div class=\"col-12 col-md-6 p-0\"\n     \n\t \n\t>\n        \n    <figure\n        class=\"wao-blocks-immagine-bkg h-100\"\n        style=\"background: url('https:\/\/www.laconchigliahotel.com\/wp-content\/uploads\/2021\/06\/ruota.jpg') center center \/ cover no-repeat; min-height: 400px;\"\n        >\n            <\/figure>\n\n    <\/div>\n\n\n<div class=\"col-12 col-md-6 bordo-gradient  p-5 d-flex align-items-center\"\n     \n\t \n\t>\n        \n<div>\n\n\n<h2 class=\"wp-block-heading\">Wir sind in der N\u00e4he:<\/h2>\n\n\n\n<p class=\"pt-2 pt-md-5\">Rimini historisches Zentrum &gt; Km 6<\/p>\n\n\n\n<p>Italien in Miniatura &gt; Km 2<\/p>\n\n\n\n<p>Flughafen Rimini &gt; Km 11<\/p>\n\n\n\n<p>Messe &gt; Km 2<\/p>\n\n\n\n<p>Palacongressi &gt; Km 5<\/p>\n\n\n<\/div>\n    <\/div>\n<\/div>\n<\/section>\n\n<section class=\"wao-blocks-container container-fluid mb-2 gradient\"\n\t\t>\n    \n<section class=\"wao-blocks-container container mb-2 p-md-5 p-3\"\n\t\t>\n    \n\n<h2 class=\"has-text-align-center text-white pb-3 wp-block-heading\">Kontaktieren Sie uns f\u00fcr ein Angebot<\/h2>\n\n\n<div class=\"wao-blocks-row row bg-white\" >\n    \n\n<div class=\"col-12 col-md-12 px-md-5\"\n     \n\t \n\t>\n        \n\n<div class=\"merida_root\" id=\"merida_block\"><\/div>\n\n<script>\nvar merida_config_merida_block = {\n    customerId: 675 ,\n    showSuccessModal : true,\n    rootEl: \"merida_block\",\n    childrenAgeMax: 16,\n    childrenAgeMin: 0,\n    layout: \"compact\",\n    language: \"de\",\n                theme : {\n        colors: {\n            primary: '#a28ec2',\n            primaryTextAlt: '#ffffff',\n            secondary: '#a28ec2',\n            secondaryTextAlt: '#ffffff',\n            text: '#3e464c',\n            error: '#cc0033',\n            formBackground: '#ffffff',\n            label: '#4d4d4d',\n            labelInput: '#a28ec2',\n            labelInputActive: '#a28ec2',\n            inputBackground: '#eeeeee',\n            inputBorder: '#eeeeee',\n            checkboxBorder: '#eeeeee',\n        }\n    },\n    onSuccess : function(res) {\n        \n                        if (typeof(ga) !== 'undefined') {\n                   ga('send', 'event', 'Email', 'Invio', 'Form');\n                }\n                    }\n};\n\n(function(url, cb) {\n    var s = document.createElement(\"script\");\n    s.type = \"text\/javascript\";\n\n    if (s.readyState) { \/\/IE\n        s.onreadystatechange = function() {\n            if (s.readyState == \"loaded\" || s.readyState == \"complete\") {\n                s.onreadystatechange = null;\n                cb();\n            }\n        };\n    } else { \/\/Others\n        s.onload = function() {\n            cb();\n        };\n    }\n\n    s.src = url;\n    document.getElementsByTagName(\"head\")[0].appendChild(s);\n})(\"https:\/\/static.adriasonline.it\/merida\/latest\/merida.js\", function() {\n    window.aoForm = merida(merida_config_merida_block);\n});\n<\/script>\n    <\/div>\n<\/div>\n<\/section>\n<\/section>","protected":false},"excerpt":{"rendered":"","protected":false},"author":1,"featured_media":0,"parent":0,"menu_order":0,"comment_status":"closed","ping_status":"closed","template":"","meta":{"footnotes":""},"class_list":["post-32","page","type-page","status-publish","hentry"],"_links":{"self":[{"href":"https:\/\/www.laconchigliahotel.com\/de\/wp-json\/wp\/v2\/pages\/32","targetHints":{"allow":["GET"]}}],"collection":[{"href":"https:\/\/www.laconchigliahotel.com\/de\/wp-json\/wp\/v2\/pages"}],"about":[{"href":"https:\/\/www.laconchigliahotel.com\/de\/wp-json\/wp\/v2\/types\/page"}],"author":[{"embeddable":true,"href":"https:\/\/www.laconchigliahotel.com\/de\/wp-json\/wp\/v2\/users\/1"}],"replies":[{"embeddable":true,"href":"https:\/\/www.laconchigliahotel.com\/de\/wp-json\/wp\/v2\/comments?post=32"}],"version-history":[{"count":4,"href":"https:\/\/www.laconchigliahotel.com\/de\/wp-json\/wp\/v2\/pages\/32\/revisions"}],"predecessor-version":[{"id":2801,"href":"https:\/\/www.laconchigliahotel.com\/de\/wp-json\/wp\/v2\/pages\/32\/revisions\/2801"}],"wp:attachment":[{"href":"https:\/\/www.laconchigliahotel.com\/de\/wp-json\/wp\/v2\/media?parent=32"}],"curies":[{"name":"wp","href":"https:\/\/api.w.org\/{rel}","templated":true}]}}