{"id":36,"date":"2021-05-27T09:34:43","date_gmt":"2021-05-27T07:34:43","guid":{"rendered":"http:\/\/www.laconchigliahotel.com\/?page_id=36"},"modified":"2025-12-22T16:21:18","modified_gmt":"2025-12-22T15:21:18","slug":"piscina","status":"publish","type":"page","link":"https:\/\/www.laconchigliahotel.com\/de\/piscina\/","title":{"rendered":"Schwimmbad"},"content":{"rendered":"<div id=\"flc-carousel\" data-cellalign=\"center\" data-bglazyload=\"1\" data-freescroll=\"true\" data-wraparound=\"true\" data-autoplay=\"5000\" data-pauseautoplayonhover =\"true\" data-prevnextbuttons=\"false\" data-contain=\"true\" data-pagedots=\"false\" data-draggable=\"false\" data-groupcells=\"1\" data-fade=\"true\" class=\"js--flickity wao-blocks-slider flc-carousel-90564\"  >\n\n                            <div class=\"w-100\">\n                    \n    <div style='background: url(https:\/\/www.laconchigliahotel.com\/wp-content\/uploads\/2025\/12\/header_piscina_2025.jpg)center center ; background-blend-mode: multiply; background-size: cover; height: 75vh; background-position: 50% 50%;' class='wao-blocks-flc-banner'>\n        <div \n            class='carousel-caption mobile-tablet-centered text-center' \n            data-cof=\"true\" data-cof-rule=\"padding, 2rem, 2rem, 2rem, 2rem, 2rem\"             style='max-width: 500px; bottom: ; background-color:  ; margin:  auto            '>\n            \n<div class=\"position-absolute text-over-slider h1 text-quaternary text-center animated zoomIn\" data-anim=\"zoomIn\" style=\"top: -100%;\">Schwimmbad<\/div>\n<div style=\"writing-mode: vertical-rl; position: absolute; top: 33%; left: 50%;\">\n<div style=\"border-left: 6px solid #fff; height: 10vh; position: absolute\"><\/div>\n<\/div>\n        <\/div>\n        <style>\n            @media screen and (max-width: 992px) {\n                .mobile-tablet-centered {\n                    margin: auto !important;\n                }\n            }\n        <\/style>\n    <\/div>\n    \n                <\/div>\n            \n<\/div>\n\n<section class=\"wao-blocks-container container-fluid mb-0 py-3\"\n\t\t>\n    \n<div class=\"wao-blocks-row row\" >\n    \n\n<div class=\"col-12 col-md-12\"\n     \n\t \n\t>\n        \n\n<div class=\"wao-blocks-immagine-src text-center py-3\" \n    >\n                    <img decoding=\"async\" src=\"https:\/\/www.laconchigliahotel.com\/wp-content\/uploads\/2021\/06\/sprite.png\"  alt=\"Sprite\">\n    <\/div>\n\n\n<div class=\"breadcrumb-block\"\n    >\n    <div class=\"text-secondary mx-auto text-center small\">\n        <a href=\"https:\/\/www.laconchigliahotel.com\/de\" rel=\"nofollow\" title=\"Startseite\">Startseite &gt;<\/a>\n        Schwimmbad    <\/div>\n<\/div>\n    <\/div>\n<\/div>\n<\/section>\n\n<section class=\"wao-blocks-container container-fluid mb-0\"\n\t\t>\n    \n<div class=\"wao-blocks-row row\" >\n    \n\n<div class=\"col-12 col-md-6 p-0 min-h-300\"\n     \n\t \n\t>\n        \n\n<div class=\"js--flickity wao-blocks-img-carousel-flickity h-100 arrow-bottom  img-carousel-flickity-62630\"\n        data-cellalign=\"right\" data-bglazyload=\"1\" data-freescroll=\"false\" data-wraparound=\"true\" data-autoplay=\"5000\" data-pauseautoplayonhover =\"true\" data-prevnextbuttons=\"true\" data-contain=\"true\" data-pagedots=\"false\" data-draggable=\"true\" data-initialindex=\"1\"     >\n                <div class=\"col-12 col-sm-12 col-md-12 p-0 h-100\">\n                                                <div class=\"w-100\" style='background: url(https:\/\/www.laconchigliahotel.com\/wp-content\/uploads\/2023\/07\/piscina-2023-003.jpg); background-size: cover; height: 100%;background-position: 50% 50%;'><\/div>\n                    <\/a>                            \n\n                                            <\/div>\n                        <div class=\"col-12 col-sm-12 col-md-12 p-0 h-100\">\n                                                <div class=\"w-100\" style='background: url(https:\/\/www.laconchigliahotel.com\/wp-content\/uploads\/2023\/07\/piscina-2023-004.jpg); background-size: cover; height: 100%;background-position: 50% 50%;'><\/div>\n                    <\/a>                            \n\n                                            <\/div>\n                        <div class=\"col-12 col-sm-12 col-md-12 p-0 h-100\">\n                                                <div class=\"w-100\" style='background: url(https:\/\/www.laconchigliahotel.com\/wp-content\/uploads\/2023\/07\/piscina-2023-006.jpg); background-size: cover; height: 100%;background-position: 50% 50%;'><\/div>\n                    <\/a>                            \n\n                                            <\/div>\n                        <div class=\"col-12 col-sm-12 col-md-12 p-0 h-100\">\n                                                <div class=\"w-100\" style='background: url(https:\/\/www.laconchigliahotel.com\/wp-content\/uploads\/2023\/07\/piscina-2023-005.jpg); background-size: cover; height: 100%;background-position: 50% 50%;'><\/div>\n                    <\/a>                            \n\n                                            <\/div>\n                        <div class=\"col-12 col-sm-12 col-md-12 p-0 h-100\">\n                                                <div class=\"w-100\" style='background: url(https:\/\/www.laconchigliahotel.com\/wp-content\/uploads\/2023\/07\/piscina-2023-007.jpg); background-size: cover; height: 100%;background-position: 50% 50%;'><\/div>\n                    <\/a>                            \n\n                                            <\/div>\n            <\/div>\n\n\n    <\/div>\n\n\n<div class=\"col-12 col-md-6 bordo-gradient  p-5 d-flex align-items-center\"\n     \n\t \n\t>\n        \n<div>\n\n\n<h2 class=\"wp-block-heading\">Das Schwimmbad mit Whirlpool<\/h2>\n\n\n\n<p class=\"pt-2 pt-md-5\">W\u00e4hrend Sie die Sonne an unserem Privatstrand genie\u00dfen, k\u00f6nnen Sie ein Bad in der<strong> gro\u00dfes Schwimmbad<\/strong> oder widmen Sie einen Moment der <strong>absolute Ruhe im Whirlpool<\/strong>Von beiden aus genie\u00dfen Sie einen herrlichen Meerblick.<br>Unser Schwimmbad ist der ideale Ort, um sich an hei\u00dfen Tagen abzuk\u00fchlen: Wenn Sie Kinder haben, k\u00f6nnen Sie sich in Ruhe ausruhen, w\u00e4hrend sie in v\u00f6lliger Sicherheit spielen, dank der <strong>Rettungsdienst<\/strong>immer pr\u00e4sent und aufmerksam.<\/p>\n\n\n\n<p>F\u00fcr Sonnenanbeter bieten wir in unserer gro\u00dfz\u00fcgigen Sonnenterrasse zwei Liegen pro Zimmer kostenlos an.<\/p>\n\n\n\n<p>Das Schwimmbad steht auch den G\u00e4sten zur Verf\u00fcgung, die sich f\u00fcr einen Aufenthalt in unserer Residence La Conchiglia Uno entscheiden.<\/p>\n\n\n<\/div>\n    <\/div>\n<\/div>\n<\/section>\n\n<section class=\"wao-blocks-container container-fluid mb-5\"\n\t\t>\n    \n<div class=\"wao-blocks-row row\" >\n    \n\n<div class=\"col-12 col-md-6 order-md-1 order-2 bordo-gradient  p-5 d-flex align-items-center\"\n     \n\t \n\t>\n        \n<div>\n\n\n<h2 class=\"wp-block-heading\">Wir feiern gerne<\/h2>\n\n\n\n<p>Im Hotel La Conchiglia haben wir immer Spa\u00df zusammen! Wir lieben es, mit unseren G\u00e4sten\/Freunden zu feiern und sind stolz darauf, gute Unterhaltung zu bieten. Einmal pro Woche bieten wir zur Mittagszeit ein <strong>Aperitif am Pool mit Musik<\/strong> und Snacks, damit Sie Ihren Urlaubstag optimal nutzen k\u00f6nnen.<\/p>\n\n\n\n<p>Dar\u00fcber hinaus organisieren wir <strong>ein Animationsabend pro Woche<\/strong>mit einem fantastischen <strong>T\u00e4nzershow<\/strong> wo Sie nicht nur die Tanzprofis bewundern k\u00f6nnen, sondern auch an ansprechenden und unterhaltsamen Gruppent\u00e4nzen teilnehmen k\u00f6nnen, begleitet von <strong>All-you-can-eat-Pizza und Feuerwerk<\/strong>!<\/p>\n\n\n<\/div>\n    <\/div>\n\n\n<div class=\"col-12 col-md-6 p-0 min-h-300 order-md-2 order-1\"\n     \n\t \n\t>\n        \n\n<div class=\"js--flickity wao-blocks-img-carousel-flickity h-100 arrow-bottom  img-carousel-flickity-78098\"\n        data-cellalign=\"right\" data-bglazyload=\"1\" data-freescroll=\"false\" data-wraparound=\"true\" data-autoplay=\"5000\" data-pauseautoplayonhover =\"true\" data-prevnextbuttons=\"true\" data-contain=\"true\" data-pagedots=\"false\" data-draggable=\"true\" data-initialindex=\"1\"     >\n                <div class=\"col-12 col-sm-12 col-md-12 p-0 h-100\">\n                                                <div class=\"w-100\" style='background: url(https:\/\/www.laconchigliahotel.com\/wp-content\/uploads\/2023\/08\/feste-2023-003.jpg); background-size: cover; height: 100%;background-position: 50% 50%;'><\/div>\n                    <\/a>                            \n\n                                            <\/div>\n                        <div class=\"col-12 col-sm-12 col-md-12 p-0 h-100\">\n                                                <div class=\"w-100\" style='background: url(https:\/\/www.laconchigliahotel.com\/wp-content\/uploads\/2023\/08\/feste-piscina-004.jpg); background-size: cover; height: 100%;background-position: 50% 50%;'><\/div>\n                    <\/a>                            \n\n                                            <\/div>\n                        <div class=\"col-12 col-sm-12 col-md-12 p-0 h-100\">\n                                                <div class=\"w-100\" style='background: url(https:\/\/www.laconchigliahotel.com\/wp-content\/uploads\/2023\/08\/feste-piscina-00.jpg); background-size: cover; height: 100%;background-position: 50% 50%;'><\/div>\n                    <\/a>                            \n\n                                            <\/div>\n                        <div class=\"col-12 col-sm-12 col-md-12 p-0 h-100\">\n                                                <div class=\"w-100\" style='background: url(https:\/\/www.laconchigliahotel.com\/wp-content\/uploads\/2023\/08\/feste-piscina-002.jpg); background-size: cover; height: 100%;background-position: 50% 50%;'><\/div>\n                    <\/a>                            \n\n                                            <\/div>\n                        <div class=\"col-12 col-sm-12 col-md-12 p-0 h-100\">\n                                                <div class=\"w-100\" style='background: url(https:\/\/www.laconchigliahotel.com\/wp-content\/uploads\/2023\/08\/feste-piscina-006.jpg); background-size: cover; height: 100%;background-position: 50% 50%;'><\/div>\n                    <\/a>                            \n\n                                            <\/div>\n                        <div class=\"col-12 col-sm-12 col-md-12 p-0 h-100\">\n                                                <div class=\"w-100\" style='background: url(https:\/\/www.laconchigliahotel.com\/wp-content\/uploads\/2023\/08\/feste-piscina-007.jpg); background-size: cover; height: 100%;background-position: 50% 50%;'><\/div>\n                    <\/a>                            \n\n                                            <\/div>\n            <\/div>\n\n\n    <\/div>\n<\/div>\n<\/section>\n\n<section class=\"wao-blocks-container container-fluid mb-2 gradient-recensioni bordo-gradient-bottom text-center p-5\"\n\tstyle=\" min-height: 400px\"\t>\n    \n<div class=\"wao-blocks-row row\" >\n    \n\n<div class=\"col-12 col-md-12\"\n     \n\t \n\t>\n        \n\n<div class=\"wao-blocks-immagine-src text-center pb-3\" \n    >\n                    <img decoding=\"async\" src=\"https:\/\/www.laconchigliahotel.com\/wp-content\/uploads\/2021\/06\/Icon-awesome-tripadvisor.png\"  alt=\"Icon awesome-tripadvisor\">\n    <\/div>\n\n\n<h2 class=\"has-text-align-center pb-5 wp-block-heading\">Bewertungen<\/h2>\n\n\n\n<div class=\"mx-auto text-center wao-blocks-recensioni-flickity recensioni-text recensioni-flickity-89913\"\n        style=\"margin-bottom: 35px\">\n        <blockquote>\n        <div class=\"js--flickity\" data-cellalign=\"center\" data-bglazyload=\"1\" data-freescroll=\"true\" data-wraparound=\"true\" data-autoplay=\"5000\" data-pauseautoplayonhover =\"true\" data-prevnextbuttons=\"false\" data-contain=\"true\" data-pagedots=\"true\" data-draggable=\"false\" data-groupcells=\"1\" data-fade=\"true\" role=\"toolbar\">\n                        <div style=\"width: 100%;\">\n                                    <h4>Verf\u00fcgbarkeit und H\u00f6flichkeit<\/h4>\n                        <p>Wir danken Nico noch einmal f\u00fcr die gezeigte Verf\u00fcgbarkeit. Wir blieben als Paar in der letzten Augustwoche. Die Unterkunft, die uns vorgeschlagen wurde, hat unsere Bed\u00fcrfnisse voll erf\u00fcllt. Wir berichten \u00fcber die H\u00f6flichkeit des Personals und das gute Essen.<\/p>\n                        <strong>\n                            <i>Max R.<\/i>\n                        <\/strong>\n                    <\/div>\n                        <div style=\"width: 100%;\">\n                                    <h4>Entspannender Urlaub<\/h4>\n                        <p>Acht Tage ruhig und erholsam, wir hatten ein ger\u00e4umiges Zimmer mit Meerblick und riesiger Dusche!!! Sehr gut gegessen, sch\u00f6nes Meer und toller Pool! Ausgezeichneter Empfang und Preis-Leistungs-Verh\u00e4ltnis all inclusive!<\/p>\n                        <strong>\n                            <i>Laura P<\/i>\n                        <\/strong>\n                    <\/div>\n                        <div style=\"width: 100%;\">\n                                    <h4>Das Ei des Kolumbus<\/h4>\n                        <p>Perfekt x, die wie ich liebt den Pool (ich) und meine Frau, die mehr liebt \"den Strand (sie waren einschlie\u00dflich 2 Sonnenliegen und Sonnenschirm) beide beigef\u00fcgt. Sehr gutes Essen inklusive Fr\u00fchst\u00fcck<br>Sie werden kaum etwas Besseres finden <br>...<\/p>\n                        <strong>\n                            <i>Marco C<\/i>\n                        <\/strong>\n                    <\/div>\n                        <div style=\"width: 100%;\">\n                                    <h4>Angenehme \u00dcberraschung<\/h4>\n                        <p>Ich blieb vom 12. bis 25. Juli mit meinem 93-j\u00e4hrigen Vater. Ich war auf der Suche nach einer Struktur in der N\u00e4he des Meeres und ich fand dies durch die Suche im Internet. Es war eine angenehme \u00dcberraschung: freundliches und hilfsbereites Personal (Nico fantastisch), sauber und k\u00fcrzlich renoviert.<br>...<\/p>\n                        <strong>\n                            <i>Mario C<\/i>\n                        <\/strong>\n                    <\/div>\n                    <\/div>\n    <\/blockquote>\n<\/div>\n    <\/div>\n<\/div>\n<\/section>\n\n<section class=\"wao-blocks-container container-fluid mb-5 py-2 px-md-5\"\n\t\t>\n    \n<div class=\"g--bkg-light-01 py-3 mx-50\">\n\n<div class=\"wao-blocks-row row g--bkg-light-02 p-3 mx-neg-50\" >\n    \n\n<div class=\"col-12 col-md-3 d-flex align-items-center\"\n     \n\t \n\t>\n        \n\n<div class=\"wao-blocks-immagine-src\" \n    >\n                    <img decoding=\"async\" src=\"https:\/\/www.laconchigliahotel.com\/wp-content\/uploads\/2021\/06\/ico-envelope-primary-1.png\"  class=\"img-fluid\"  alt=\"Ansprechpartner Hotel La Conchiglia Rimini\">\n    <\/div>\n    <\/div>\n\n\n<div class=\"col-12 col-md-9\"\n     \n\t \n\t>\n        \n<div class=\"\">\n\n\n<h2 class=\"wp-block-heading\">Newsletter<\/h2>\n\n\n\n<p>Alle unsere Angebote und Promotionen in der Vorschau nur f\u00fcr Sie. Hinterlassen Sie uns Ihre E-Mail, wir k\u00fcmmern uns um alles.<\/p>\n\n\n<script src=\"https:\/\/www.google.com\/recaptcha\/enterprise.js?render=6LdKs-6Lc3xMIcAAAAAO2K3CkgGUYb6BcsBOk289jP7NUP\"><\/script>\n<div class=\"l--box-newsletter wao-blocks-nav-tab\" >\n    <form class=\"custom\" name=\"iscrizione_newsletter\" id=\"iscrizione_newsletter\" method=\"post\" autocomplete=\"OFF\" action=\"\">\n        <fieldset>\n            <div class=\"form-group row\">\n                <div id=\"newsletter\" class=\"col-12 col-lg-12 mx-auto\">\n<input value=\"on\" type=\"checkbox\" name=\"news_privacy\" id=\"news_privacy\">\n<label for=\"news_privacy\">*\n    <small>\n        <a href=\"javascript:void(0)\" title=\"Datenschutz\"\n            class=\"privacy link-privacy-policy\" style=\"cursor: pointer;\">\n            Ich akzeptiere Datenschutz\n        <\/a>\n    <\/small>\n<\/label>\n<\/div>                <div class=\"col-12 col-lg-4 mx-auto\">\n                    <input type=\"text\" class=\"form-control\" id=\"news_nome\" name=\"nome\" placeholder=\"Name*\">\n                <\/div>\n                <div class=\"col-12 col-lg-4 mx-auto\">\n                    <input type=\"text\" class=\"form-control\" id=\"news_email\" name=\"email\" value=\"\" placeholder=\"E-Mail*\">\n                <\/div>\n                                <div class=\"col-12 col-lg-4 mx-auto\">\n                    <button class=\"btn btn-primary text-uppercase\"type=\"submit\" id=\"iscrizioneNewsletter\">\n                        Anmelden\n                    <\/button>\n                    <input name=\"dominio\" type=\"hidden\" value=\"https:\/\/www.laconchigliahotel.com\/de\/\">\n                    <input name=\"idHotel\" type=\"hidden\" value=\"675\">\n                    <input name=\"lingua\" type=\"hidden\" value=\"it\">\n                <\/div>\n            <\/div>\n        <\/fieldset>\n    <input type=\"hidden\" name=\"trp-form-language\" value=\"de\"\/><\/form>\n<\/div>\n<div id=\"divAlert\" class=\"h-50 w-50 m-auto alert-info d-none\" style=\"position: fixed; top: 10px; left: 10px; right: 10px; bottom: 10px; z-index: 2000; overflow: auto\">\n\t<div class=\"text-right\">\n\t\t<a class=\"btn btn-primary btn_chiudi\" href=\"javascript:void(0)\" onclick=\"location.reload(true);\" title=\"Schlie\u00dfen\"><i class=\"fa fa-times\" aria-hidden=\"true\"><\/i><\/a>\n\t<\/div>\n\t<div class=\"text-center alert-info l--align-middle-vertical\" style=\"height: calc(100% - 50px);\">\n\t\t<div class=\"logo\"><\/div>\n\t\t<div class=\"text-center h-50 w-50\">\n\t\t\t<span class=\"display-3\"><i class=\"fa fa-paper-plane\" aria-hidden=\"true\"><\/i><\/span>\n\t\t\t<h4>Newsletter-Abonnement erfolgreich abgeschlossen<\/h4>\n\t\t<\/div>\n\t<\/div>\n<\/div>\n\n\n<\/div>\n    <\/div>\n<\/div>\n\n<\/div>\n<\/section>\n\n<div class=\"p-4 mx-auto\">\n\n<section class=\"wao-blocks-container container-fluid mb-0\"\n\t\t>\n    \n<div class=\"wao-blocks-row row\" >\n    \n\n<div class=\"col-12 col-md-4 px-0\"\n     \n\t \n\t>\n        \n<div class=\"p-4 text-center\">\n\n\n<div class=\"wao-blocks-immagine-src\" \n    >\n                    <img decoding=\"async\" src=\"https:\/\/www.laconchigliahotel.com\/wp-content\/uploads\/2021\/06\/icon-mappa-1.png\"  alt=\"Wo wir sind Hotel La Conchiglia Rimini\">\n    <\/div>\n\n\n<h2 class=\"py-3 wp-block-heading\">Wo wir sind<\/h2>\n\n\n<p>\n<\/br>\n\n\n<\/p>\n\n\n<div class=\"wao-blocks-button\" >\n\t<a href=\"https:\/\/www.laconchigliahotel.com\/de\/dove-siamo\/\" \n\t\tclass=\"btn btn-outline-secondary\"\n        title=\"Wo wir sind Hotel La Conchiglia Rimini\" \n\t>\t\n\t\t\t\tENTDECKEN\t\t<i class=\"fas fa-arrow-right ml-3\"><\/i> \t<\/a>\n<\/div>\n\n<\/div>\n    <\/div>\n\n\n<div class=\"col-12 col-md-8 p-0\"\n     \n\t \n\t>\n        \n<iframe class=\"js--lazy-load\" title=\"Google Map, um das Hotel la Conchiglia Rimini zu erreichen\" data-src=\"https:\/\/www.google.com\/maps\/embed?pb=!1m18!1m12!1m3!1d425.8688484321222!2d12.51385165954089!3d44.10620587897548!2m3!1f0!2f0!3f0!3m2!1i1024!2i768!4f13.1!3m3!1m2!1s0x132cc69621920857%3A0x8e9599405a98aac3!2sLa%20Conchiglia!5e0!3m2!1sen!2sit!4v1622560476468!5m2!1sen!2sit\" width=\"100%\" height=\"100%\" allowfullscreen=\"\" loading=\"lazy\" style=\"min-height:450px;margin-bottom:0;\"><\/iframe>\n    <\/div>\n<\/div>\n\n<div class=\"wao-blocks-row row bordo-gradient-top\" >\n    \n\n<div class=\"col-12 col-md-4 p-0 order-md-1 order-2\"\n     \n\t \n\t>\n        \n    <figure\n        class=\"wao-blocks-immagine-bkg w-100 h-100\"\n        style=\"background: url('https:\/\/www.laconchigliahotel.com\/wp-content\/uploads\/2022\/03\/dove-conchiglia.jpg') center center \/ cover no-repeat; min-height: 400px;\"\n        >\n            <\/figure>\n\n    <\/div>\n\n\n<div class=\"col-12 col-md-8 p-5  order-md-2 order-1\"\n     \n\t \n\t>\n        \n\n<h2 class=\"py-3 wp-block-heading\">Neue Fu\u00dfg\u00e4ngerpromenade<\/h2>\n\n\n\n<p>Eine neue Art, Ihren Urlaub zu erleben, mit einem <strong>angenehme Fu\u00dfg\u00e4ngerzone mit wenig Verkehr<\/strong>. Laden Sie hier das Formular f\u00fcr den Zugang zur ZTL-Zone herunter, f\u00fcllen Sie es mit allen Daten aus und <strong>bei der Ankunft im Hotel abgeben<\/strong>wir werden uns um alles k\u00fcmmern! Bitte beachten Sie, dass der Zugang zum Hotel und der Aufenthalt f\u00fcr die Zeit von <strong>Be- und Entladen von Gep\u00e4ck<\/strong>als auch f\u00fcr <strong>Einfahrt und Ausfahrt aus dem Hotelparkplatz<\/strong>.<\/p>\n\n\n\n<div class=\"wao-blocks-button\" >\n\t<a href=\"https:\/\/www.laconchigliahotel.com\/wp-content\/uploads\/2022\/03\/autocertificazione-ztl.pdf\" \n\t\tclass=\"btn btn-outline-secondary\"\n        title=\"ZTL Genehmigung Hotel la Conchiglia Rimini\" \n\t\ttarget=\"_blank\" \n\t>\t\n\t\t\t\tZTL-Genehmigung herunterladen\t\t<i class=\"fas fa-arrow-right ml-3\"><\/i> \t<\/a>\n<\/div>\n    <\/div>\n<\/div>\n<\/section>\n\n<\/div>\n\n<section class=\"wao-blocks-container container-fluid mb-2 gradient\"\n\t\t>\n    \n<section class=\"wao-blocks-container container mb-2 p-md-5 p-3\"\n\t\t>\n    \n\n<h2 class=\"has-text-align-center text-white pb-3 wp-block-heading\">Kontaktieren Sie uns f\u00fcr ein Angebot<\/h2>\n\n\n<div class=\"wao-blocks-row row bg-white\" >\n    \n\n<div class=\"col-12 col-md-12 px-md-5\"\n     \n\t \n\t>\n        \n\n<div class=\"merida_root\" id=\"merida_block\"><\/div>\n\n<script>\nvar merida_config_merida_block = {\n    customerId: 675 ,\n    showSuccessModal : true,\n    rootEl: \"merida_block\",\n    childrenAgeMax: 16,\n    childrenAgeMin: 0,\n    layout: \"compact\",\n    language: \"de\",\n                theme : {\n        colors: {\n            primary: '#a28ec2',\n            primaryTextAlt: '#ffffff',\n            secondary: '#a28ec2',\n            secondaryTextAlt: '#ffffff',\n            text: '#3e464c',\n            error: '#cc0033',\n            formBackground: '#ffffff',\n            label: '#4d4d4d',\n            labelInput: '#a28ec2',\n            labelInputActive: '#a28ec2',\n            inputBackground: '#eeeeee',\n            inputBorder: '#eeeeee',\n            checkboxBorder: '#eeeeee',\n        }\n    },\n    onSuccess : function(res) {\n        \n                        if (typeof(ga) !== 'undefined') {\n                   ga('send', 'event', 'Email', 'Invio', 'Form');\n                }\n                    }\n};\n\n(function(url, cb) {\n    var s = document.createElement(\"script\");\n    s.type = \"text\/javascript\";\n\n    if (s.readyState) { \/\/IE\n        s.onreadystatechange = function() {\n            if (s.readyState == \"loaded\" || s.readyState == \"complete\") {\n                s.onreadystatechange = null;\n                cb();\n            }\n        };\n    } else { \/\/Others\n        s.onload = function() {\n            cb();\n        };\n    }\n\n    s.src = url;\n    document.getElementsByTagName(\"head\")[0].appendChild(s);\n})(\"https:\/\/static.adriasonline.it\/merida\/latest\/merida.js\", function() {\n    window.aoForm = merida(merida_config_merida_block);\n});\n<\/script>\n    <\/div>\n<\/div>\n<\/section>\n<\/section>","protected":false},"excerpt":{"rendered":"","protected":false},"author":1,"featured_media":0,"parent":0,"menu_order":0,"comment_status":"closed","ping_status":"closed","template":"","meta":{"footnotes":""},"class_list":["post-36","page","type-page","status-publish","hentry"],"_links":{"self":[{"href":"https:\/\/www.laconchigliahotel.com\/de\/wp-json\/wp\/v2\/pages\/36","targetHints":{"allow":["GET"]}}],"collection":[{"href":"https:\/\/www.laconchigliahotel.com\/de\/wp-json\/wp\/v2\/pages"}],"about":[{"href":"https:\/\/www.laconchigliahotel.com\/de\/wp-json\/wp\/v2\/types\/page"}],"author":[{"embeddable":true,"href":"https:\/\/www.laconchigliahotel.com\/de\/wp-json\/wp\/v2\/users\/1"}],"replies":[{"embeddable":true,"href":"https:\/\/www.laconchigliahotel.com\/de\/wp-json\/wp\/v2\/comments?post=36"}],"version-history":[{"count":11,"href":"https:\/\/www.laconchigliahotel.com\/de\/wp-json\/wp\/v2\/pages\/36\/revisions"}],"predecessor-version":[{"id":2806,"href":"https:\/\/www.laconchigliahotel.com\/de\/wp-json\/wp\/v2\/pages\/36\/revisions\/2806"}],"wp:attachment":[{"href":"https:\/\/www.laconchigliahotel.com\/de\/wp-json\/wp\/v2\/media?parent=36"}],"curies":[{"name":"wp","href":"https:\/\/api.w.org\/{rel}","templated":true}]}}