{"id":23,"date":"2021-05-27T09:33:11","date_gmt":"2021-05-27T07:33:11","guid":{"rendered":"http:\/\/www.laconchigliahotel.com\/?page_id=23"},"modified":"2026-04-24T16:27:13","modified_gmt":"2026-04-24T14:27:13","slug":"servizi","status":"publish","type":"page","link":"https:\/\/www.laconchigliahotel.com\/fr\/servizi\/","title":{"rendered":"Services"},"content":{"rendered":"<div class=\"video-container sf-video-servizi\">\n    <div class=\"position-absolute text-center w-100 h-100 d-flex justify-content-center\">\n        <div class=\"d-flex justify-content-center align-items-end h-100\">\n            <div class=\"text-center mx-auto text-center d-flex flex-column\"><div class=\"h1 text-over-slider h1 text-white pb-5 mb-5 js--hideme\" data-anim=\"zoomIn\">Services<\/div>\n            <div class=\"linea-over-video mx-auto mb-0\"><\/div><\/div>\n        <\/div>\n    <\/div>\n    <iframe src=\"https:\/\/player.vimeo.com\/video\/1107385478?autoplay=1&loop=1&autopause=0&background=1\" frameborder=\"0\" allow=\"autoplay; fullscreen; picture-in-picture; clipboard-write\" title=\"Services vid\u00e9o H\u00f4tel La Conchiglia - Torre Pedrera\" class=\"d-block\"><\/iframe>\n    <script src=\"https:\/\/player.vimeo.com\/api\/player.js\"><\/script>\n<\/div>\n\n<section class=\"wao-blocks-container container-fluid mb-0 py-3\"\n\t\t>\n    \n<div class=\"wao-blocks-row row\" >\n    \n\n<div class=\"col-12 col-md-12\"\n     \n\t \n\t>\n        \n\n<div class=\"wao-blocks-immagine-src text-center pb-3\" \n    >\n                    <img decoding=\"async\" src=\"https:\/\/www.laconchigliahotel.com\/wp-content\/uploads\/2021\/06\/sprite.png\"  alt=\"sprite\">\n    <\/div>\n\n\n<div class=\"breadcrumb-block\"\n    >\n    <div class=\"text-secondary mx-auto text-center small\">\n        <a href=\"https:\/\/www.laconchigliahotel.com\/fr\" rel=\"nofollow\" title=\"Accueil\">Accueil &gt;<\/a>\n        Services    <\/div>\n<\/div>\n    <\/div>\n<\/div>\n<\/section>\n\n<section class=\"wao-blocks-container container-fluid mb-0\"\n\t\t>\n    \n<div class=\"wao-blocks-row row\" >\n    \n\n<div class=\"col-12 col-md-6 p-0\"\n     \n\t \n\t>\n        \n    <figure\n        class=\"wao-blocks-immagine-bkg h-100\"\n        style=\"background: url('https:\/\/www.laconchigliahotel.com\/wp-content\/uploads\/2023\/07\/servizi-2023-002.jpg') center center \/ cover no-repeat; min-height: 400px;\"\n        >\n            <\/figure>\n\n    <\/div>\n\n\n<div class=\"col-12 col-md-6 bordo-gradient  p-5 d-flex align-items-center\"\n     \n\t \n\t>\n        \n<div>\n\n\n<h1 class=\"wp-block-heading\">Nos services<\/h1>\n\n\n\n<h2 class=\"wp-block-heading h3 font-alternativo\"><em>Piscine, plage et bien plus encore<\/em><\/h2>\n\n\n\n<p class=\"has-text-align-left pt-2 pt-md-5\">Notre h\u00f4tel, r\u00e9cemment r\u00e9nov\u00e9, dispose <strong>camere e sala da pranzo climatizzate<\/strong>parfait pour profiter d'un peu d'air frais apr\u00e8s une journ\u00e9e de soleil et de chaleur estivale ; de plus, dans chaque chambre et dans le hall de l'h\u00f4tel, vous pourrez utiliser notre syst\u00e8me de climatisation. <strong>Connexion Internet Wi Fi<\/strong> avec acc\u00e8s gratuit, pour rester connect\u00e9 et partager vos jours de vacances avec vos amis.<\/p>\n\n\n\n<p class=\"has-text-align-left\">Pendant la journ\u00e9e, vous pouvez choisir de profiter du soleil dans notre salle d'exposition. <strong>plage priv\u00e9e<\/strong> ou faire un plongeon dans le grand<strong> piscine avec hydromassage<\/strong>tandis que les enfants peuvent s'amuser dans l'aire de jeux qui leur est d\u00e9di\u00e9e. La piscine est contr\u00f4l\u00e9e pendant les heures d'ouverture par une <strong>ma\u00eetre-nageur<\/strong>C'est l'endroit id\u00e9al pour passer des journ\u00e9es tranquilles en toute s\u00e9curit\u00e9, surtout pour les mamans et les papas qui peuvent se d\u00e9tendre en sachant que leurs enfants sont surveill\u00e9s par des yeux attentifs.<\/p>\n\n\n\n<p class=\"has-text-align-left\">Vous pouvez \u00e9galement profiter du grand solarium, o\u00f9 deux chaises longues sont disponibles gratuitement pour chaque chambre r\u00e9serv\u00e9e.<\/p>\n\n\n\n<p class=\"has-text-align-left\">Les sourires, les belles \u00e9motions et la courtoisie ne feront jamais d\u00e9faut. Nous sommes toujours pr\u00eats \u00e0 vous offrir notre exp\u00e9rience de l'hospitalit\u00e9, la passion de notre famille transmise de g\u00e9n\u00e9ration en g\u00e9n\u00e9ration, pour r\u00e9pondre \u00e0 chaque demande et vous faire vivre une exp\u00e9rience unique. <strong>environnement accueillant, professionnel et confortable<\/strong>.<\/p>\n\n\n<\/div>\n    <\/div>\n<\/div>\n<\/section>\n\n<section class=\"wao-blocks-container container-fluid mb-0\"\n\t\t>\n    \n<div class=\"wao-blocks-row row\" >\n    \n\n<div class=\"col-12 col-md-6 order-md-1 order-2 bordo-gradient  p-5 d-flex align-items-center\"\n     \n\t \n\t>\n        \n<div>\n\n\n<h2 class=\"wp-block-heading\">D'autres services sont inclus :<\/h2>\n\n\n\n<ul class=\"wp-block-list pt-2 pt-md-5\">\n<li>Bicyclettes<\/li>\n\n\n\n<li>Ascenseur<\/li>\n\n\n\n<li>Parking pour voitures<\/li>\n\n\n\n<li>Garage sous r\u00e9serve de disponibilit\u00e9<\/li>\n\n\n\n<li>Grande terrasse donnant sur la promenade du soir<\/li>\n\n\n\n<li>R\u00e9ductions pour toute la famille dans les principaux parcs d'attractions de la r\u00e9gion.<\/li>\n<\/ul>\n\n\n<\/div>\n    <\/div>\n\n\n<div class=\"col-12 col-md-6 p-0 order-md-2 order-1\"\n     \n\t \n\t>\n        \n    <figure\n        class=\"wao-blocks-immagine-bkg 100%\"\n        style=\"background: url('https:\/\/www.laconchigliahotel.com\/wp-content\/uploads\/2023\/07\/gallery-2023-028.jpg') center center \/ cover no-repeat; min-height: 400px;\"\n        >\n            <\/figure>\n\n    <\/div>\n<\/div>\n<\/section>\n\n<section class=\"wao-blocks-container container-fluid mb-0\"\n\t\t>\n    \n<div class=\"wao-blocks-row row\" >\n    \n\n<div class=\"col-12 col-md-6 p-0\"\n     \n\t \n\t>\n        \n    <figure\n        class=\"wao-blocks-immagine-bkg h-100\"\n        style=\"background: url('https:\/\/www.laconchigliahotel.com\/wp-content\/uploads\/2021\/06\/servizi_per-te-e-per-i-tuoi-bambini-1024x683.jpg') center center \/ cover no-repeat; min-height: 400px;\"\n        >\n            <\/figure>\n\n    <\/div>\n\n\n<div class=\"col-12 col-md-6 bordo-gradient  p-5 d-flex align-items-center\"\n     \n\t \n\t>\n        \n<div>\n\n\n<h2 class=\"wp-block-heading\">Vos b\u00e9b\u00e9s sont les bienvenus !<\/h2>\n\n\n\n<p class=\"pt-2 pt-md-5\">La famille est tr\u00e8s importante pour nous et nous savons combien il est complexe de voyager avec des enfants, surtout tr\u00e8s jeunes.<\/p>\n\n\n\n<p>C'est pourquoi, en plus du coin jeux, nous avons de nombreuses autres activit\u00e9s. <strong>services gratuits pour les b\u00e9b\u00e9s<\/strong> pour les parents qui souhaitent passer des vacances paisibles avec leurs enfants.<\/p>\n\n\n<\/div>\n    <\/div>\n<\/div>\n<\/section>\n\n<section class=\"wao-blocks-container container-fluid mb-0\"\n\t\t>\n    \n<div class=\"wao-blocks-row row\" >\n    \n\n<div class=\"col-12 col-md-6 order-md-1 order-2 bordo-gradient  p-5 d-flex align-items-center\"\n     \n\t \n\t>\n        \n<div>\n\n\n<h2 class=\"wp-block-heading\">Pour vous et vos enfants, nous vous proposons :<\/h2>\n\n\n\n<ul class=\"wp-block-list pt-2 pt-md-5\">\n<li>Poussette<\/li>\n\n\n\n<li>Horaires flexibles<\/li>\n\n\n\n<li>Pr\u00e9paration des bouillons et menus pour les enfants<\/li>\n\n\n\n<li>Mini-frigo pour le lait et les aliments pour b\u00e9b\u00e9<\/li>\n\n\n\n<li>Coin micro-ondes pour r\u00e9chauffer les aliments pour b\u00e9b\u00e9 et les biberons<\/li>\n\n\n\n<li>Si\u00e8ge de table dans la salle \u00e0 manger<\/li>\n\n\n\n<li>Berceaux, berceaux et barri\u00e8res lat\u00e9rales pour les autres enfants les plus petits<\/li>\n<\/ul>\n\n\n<\/div>\n    <\/div>\n\n\n<div class=\"col-12 col-md-6 p-0 order-md-2 order-1\"\n     \n\t \n\t>\n        \n    <figure\n        class=\"wao-blocks-immagine-bkg h-100\"\n        style=\"background: url('https:\/\/www.laconchigliahotel.com\/wp-content\/uploads\/2021\/06\/bimba.jpg') center center \/ cover no-repeat; min-height: 400px;\"\n        >\n            <\/figure>\n\n    <\/div>\n<\/div>\n<\/section>\n\n<section class=\"wao-blocks-container container-fluid mb-5\"\n\t\t>\n    \n<div class=\"wao-blocks-row row\" >\n    \n\n<div class=\"col-12 col-md-6 p-0\"\n     \n\t \n\t>\n        \n    <figure\n        class=\"wao-blocks-immagine-bkg h-100\"\n        style=\"background: url('https:\/\/www.laconchigliahotel.com\/wp-content\/uploads\/2023\/07\/servizi-2023-004.jpg') center center \/ cover no-repeat; min-height: 400px;\"\n        >\n            <\/figure>\n\n    <\/div>\n\n\n<div class=\"col-12 col-md-6 bordo-gradient  p-5 d-flex align-items-center\"\n     \n\t \n\t>\n        \n<div>\n\n\n<h2 class=\"wp-block-heading\" id=\"papillon\">Papillon, notre bar \u00e0 cocktails<\/h2>\n\n\n\n<p class=\"pt-2 pt-md-5\">Papillon est notre <strong>bar \u00e0 cocktails<\/strong> ouvert \u00e0 la fois \u00e0 nos invit\u00e9s et aux clients externes.<\/p>\n\n\n\n<p>Un environnement confortable et moderne, ouvert toute la journ\u00e9e, o\u00f9 vous pouvez profiter d'une pause caf\u00e9 ou d\u00e9guster un ap\u00e9ritif rafra\u00eechissant et color\u00e9 apr\u00e8s une journ\u00e9e de bronzage et de baignade dans la mer ou dans notre piscine.<\/p>\n\n\n\n<p>Le bar Papillon est situ\u00e9 directement <strong>sur la nouvelle Promenade<\/strong> de Torre Pedrera qui vous attend avec un tout nouveau look : un design moderne et enti\u00e8rement pi\u00e9tonnier pour se promener en toute tranquillit\u00e9 et avec des pistes cyclables pour ceux qui aiment se d\u00e9placer \u00e0 v\u00e9lo. Parmi les autres nouveaut\u00e9s, citons des parterres de fleurs verts, des bancs, un nouvel \u00e9clairage et un air sain et propre non seulement sur le front de mer mais aussi sur la promenade.<\/p>\n\n\n<\/div>\n    <\/div>\n<\/div>\n<\/section>","protected":false},"excerpt":{"rendered":"","protected":false},"author":1,"featured_media":0,"parent":0,"menu_order":0,"comment_status":"closed","ping_status":"closed","template":"","meta":{"footnotes":""},"class_list":["post-23","page","type-page","status-publish","hentry"],"_links":{"self":[{"href":"https:\/\/www.laconchigliahotel.com\/fr\/wp-json\/wp\/v2\/pages\/23","targetHints":{"allow":["GET"]}}],"collection":[{"href":"https:\/\/www.laconchigliahotel.com\/fr\/wp-json\/wp\/v2\/pages"}],"about":[{"href":"https:\/\/www.laconchigliahotel.com\/fr\/wp-json\/wp\/v2\/types\/page"}],"author":[{"embeddable":true,"href":"https:\/\/www.laconchigliahotel.com\/fr\/wp-json\/wp\/v2\/users\/1"}],"replies":[{"embeddable":true,"href":"https:\/\/www.laconchigliahotel.com\/fr\/wp-json\/wp\/v2\/comments?post=23"}],"version-history":[{"count":27,"href":"https:\/\/www.laconchigliahotel.com\/fr\/wp-json\/wp\/v2\/pages\/23\/revisions"}],"predecessor-version":[{"id":2952,"href":"https:\/\/www.laconchigliahotel.com\/fr\/wp-json\/wp\/v2\/pages\/23\/revisions\/2952"}],"wp:attachment":[{"href":"https:\/\/www.laconchigliahotel.com\/fr\/wp-json\/wp\/v2\/media?parent=23"}],"curies":[{"name":"wp","href":"https:\/\/api.w.org\/{rel}","templated":true}]}}