{"id":25,"date":"2021-05-27T09:33:25","date_gmt":"2021-05-27T07:33:25","guid":{"rendered":"http:\/\/www.laconchigliahotel.com\/?page_id=25"},"modified":"2026-04-24T16:25:17","modified_gmt":"2026-04-24T14:25:17","slug":"ristorante","status":"publish","type":"page","link":"https:\/\/www.laconchigliahotel.com\/fr\/ristorante\/","title":{"rendered":"Restaurant"},"content":{"rendered":"\n<div id=\"flc-carousel\" data-cellAlign=\"center\" data-bgLazyLoad=\"1\" data-freeScroll=\"true\" data-wrapAround=\"true\" data-autoPlay=\"5000\" data-pauseAutoPlayOnHover =\"true\" data-prevNextButtons=\"false\" data-contain=\"true\" data-pageDots=\"false\" data-draggable=\"false\" data-groupCells=\"1\" data-fade=\"true\" class=\"js--flickity wao-blocks-slider flc-carousel-41711\"  >\n\n                            <div class=\"w-100\">\n                    \n    <div style='background: url(https:\/\/www.laconchigliahotel.com\/wp-content\/uploads\/2023\/07\/top-risto-2023.jpg)center center ; background-blend-mode: multiply; background-size: cover; height: 75vh; background-position: 50% 50%;' class='wao-blocks-flc-banner'>\n        <div \n            class='carousel-caption mobile-tablet-centered text-center' \n            data-cof=\"true\" data-cof-rule=\"padding, 2rem, 2rem, 2rem, 2rem, 2rem\"             style='max-width: 500px; bottom: ; background-color:  ; margin:  auto            '>\n            \n<div class=\"position-absolute text-over-slider h1 text-quaternary text-center animated zoomIn\" data-anim=\"zoomIn\" style=\"top: -100%;\">Cucina romagnola<\/div>\n<div style=\"writing-mode: vertical-rl; position: absolute; top: 33%; left: 50%;\">\n<div style=\"border-left: 6px solid #fff; height: 10vh; position: absolute\"><\/div>\n<\/div>\n        <\/div>\n        <style>\n            @media screen and (max-width: 992px) {\n                .mobile-tablet-centered {\n                    margin: auto !important;\n                }\n            }\n        <\/style>\n    <\/div>\n    \n                <\/div>\n            \n<\/div>\n\n<section class=\"wao-blocks-container container-fluid mb-0\"\n\t\t>\n    \n<div class=\"wao-blocks-row row\" >\n    \n\n<div class=\"col-12 col-md-12\"\n     \n\t \n\t>\n        \n\n<div class=\"wao-blocks-immagine-src text-center py-3\" \n    >\n                    <img decoding=\"async\" src=\"https:\/\/www.laconchigliahotel.com\/wp-content\/uploads\/2021\/06\/sprite.png\"  alt=\"sprite\">\n    <\/div>\n\n\n<div class=\"breadcrumb-block\"\n    >\n    <div class=\"text-secondary mx-auto text-center small\">\n        <a href=\"https:\/\/www.laconchigliahotel.com\/fr\" rel=\"nofollow\" title=\"Home\">Home &gt;<\/a>\n        Ristorante    <\/div>\n<\/div>\n\n\n<h1 class=\"wp-block-heading has-text-align-center\">Ristorante<\/h1>\n\n    <\/div>\n<\/div>\n<\/section>\n\n<section class=\"wao-blocks-container container mb-3\"\n\t\t>\n    \n<div class=\"wao-blocks-row row\" >\n    \n\n<div class=\"col-12 col-md-12\"\n     \n\t \n\t>\n        \n\n<h2 class=\"wp-block-heading has-text-align-center\">La cucina della vera Romagna!<\/h2>\n\n\n\n<p class=\"has-text-align-center h3 font-alternativo\"><em>Pesce a volont\u00e0 e ricette \"di terra\" della Tradizione<\/em><\/p>\n\n\n\n<p class=\"has-text-align-center\">Una delle particolarit\u00e0 pi\u00f9 apprezzate della nostra cucina \u00e8 sicuramente la maestria nel preparare il <strong>pesce del nostro mare<\/strong>: durante la settimana potrai gustare squisite <strong>grigliate e spiedini di pesce<\/strong> accompagnati da un goloso buffet di antipasti di mare, sempre molto apprezzati dai nostri ospiti!<\/p>\n\n\n\n<p class=\"has-text-align-center\">Da veri romagnoli , siamo orgogliosi di portare avanti le <strong>tradizionali ricette<\/strong> del nostro territorio, con <strong>piadina e pasta fresca<\/strong>, la scelta delle <strong>carni locali e attenzione alla qualit\u00e0<\/strong> degli ingredienti. Immancabili le nostre domeniche a base di <strong>cannelloni, passatelli, lasagne<\/strong>, polli e conigli nostrani, ovviamente accompagnati da piadina e vino locale.<\/p>\n\n\n\n<div class=\"wao-blocks-button d-flex\" >\n\t<a href=\"https:\/\/www.laconchigliahotel.com\/wp-content\/uploads\/2021\/06\/ricette.pdf\" \n\t\tclass=\"btn btn-outline-secondary m-auto \"\n         \n\t\ttarget=\"_blank\"\t\ttitle=\"Scopri le ricette\" \n\t>\t\n\t\t\t\tScopri le ricette\t\t<i class=\"fas fa-arrow-right ml-3\"><\/i> \t<\/a>\n<\/div>\n    <\/div>\n<\/div>\n<\/section>\n\n<section class=\"wao-blocks-container container-fluid mb-0\"\n\t\t>\n    \n<div class=\"wao-blocks-row row\" >\n    \n\n<div class=\"col-12 col-md-6 p-0\"\n     \n\t \n\t>\n        \n    <figure\n        class=\"wao-blocks-immagine-bkg h-100\"\n        style=\"background: url('https:\/\/www.laconchigliahotel.com\/wp-content\/uploads\/2023\/07\/risto-2023-000.jpg') center center \/ cover no-repeat; min-height: 400px;\"\n        >\n                <a href=\"https:\/\/www.laconchigliahotel.com\/wp-content\/uploads\/2023\/07\/risto-2023-000.jpg\" rel=\"ilightBox\" class=\"d-block l--h-100 text-right min-h-100\" style=\"min-height: 400px; \" title=\"Apri la galleria\">\n\n                    <\/a>\n            <\/figure>\n\n    <\/div>\n\n\n<div class=\"col-12 col-md-6 bordo-gradient  p-5 d-flex align-items-center\"\n     \n\t \n\t>\n        \n<div>\n\n\n<h2 class=\"wp-block-heading\">A tavola con vista mare<\/h2>\n\n\n\n<p class=\"h3 font-alternativo\"><em>Colazione, pranzo, cena<\/em><\/p>\n\n\n\n<p class=\"pt-2 pt-md-5\">Per cominciare la giornata con il pieno di energie, dalle 7.30 alle 9.30 troverai un <strong>ricco buffet di colazione<\/strong> con crostate fatte in casa, succhi, marmellate, brioches, bevande calde, affettati, yogurt e cereali.<\/p>\n\n\n\n<p>A pranzo alle 12.30 e a cena alle 19.30, ti aspettiamo nell'ampia <strong>sala da pranzo climatizzata fronte mare<\/strong> e piscina, dove potrai degustare i primi della tradizione romagnola e vari men\u00f9 a scelta tra ottima carne e squisite grigliate di pesce. Come contorno ti prepareremo ricchi buffet di verdure e formaggi, infine frutta e dolci.<\/p>\n\n\n<\/div>\n    <\/div>\n<\/div>\n<\/section>\n\n<section class=\"wao-blocks-container container-fluid mb-2\"\n\t\t>\n    \n<div class=\"wao-blocks-row row\" >\n    \n\n<div class=\"col-12 col-md-6 bordo-gradient  p-5 d-flex align-items-center order-md-1 order-2\"\n     \n\t \n\t>\n        \n<div>\n\n\n<h2 class=\"wp-block-heading\">Un'attenzione per tutti<\/h2>\n\n\n\n<p class=\"h3 font-alternativo\"><em>I nostri servizi<\/em><\/p>\n\n\n\n<p class=\"pt-2 pt-md-5\">Se hai qualche richiesta particolare, le nostre cuoche saranno a tua disposizione per preparare variazioni adatte ad <strong>ogni esigenza<\/strong>. Ospitando tante famiglie, siamo abituati a prestare attenzione alle esigenze dei genitori con figli. <\/p>\n\n\n\n<p>Se viaggi con bimbi piccoli, avrai la possibilit\u00e0 di pranzare a <strong>orari flessibili<\/strong> in una sala pi\u00f9 silenziosa e riservata, sempre in posizione fronte mare e piscina. <\/p>\n\n\n\n<p>Inoltre, siamo a tua disposizione per preparare <strong>pappe o men\u00f9 per bambini<\/strong> e offrirti scaldabiberon, mini frigo e microonde per ogni necessit\u00e0.<\/p>\n\n\n<\/div>\n    <\/div>\n\n\n<div class=\"col-12 col-md-6 p-0 order-md-2 order-1 min-h-300\"\n     \n\t \n\t>\n        \n\n<div class=\"js--flickity wao-blocks-img-carousel-flickity h-100 arrow-bottom  img-carousel-flickity-69363\"\n        data-cellAlign=\"right\" data-bgLazyLoad=\"1\" data-freeScroll=\"false\" data-wrapAround=\"true\" data-autoPlay=\"5000\" data-pauseAutoPlayOnHover =\"true\" data-prevNextButtons=\"true\" data-contain=\"true\" data-pageDots=\"false\" data-draggable=\"true\" data-initialIndex=\"0\"     >\n                <div class=\"col-12 col-sm-12 col-md-12 p-0 h-100\">\n                                                <div class=\"w-100\" style='background: url(https:\/\/www.laconchigliahotel.com\/wp-content\/uploads\/2023\/07\/risto-2023-0003.jpg); background-size: cover; height: 100%;background-position: 50% 50%;'><\/div>\n                    <\/a>                            \n\n                                            <\/div>\n                        <div class=\"col-12 col-sm-12 col-md-12 p-0 h-100\">\n                                                <div class=\"w-100\" style='background: url(https:\/\/www.laconchigliahotel.com\/wp-content\/uploads\/2023\/07\/risto-2023-0002.jpg); background-size: cover; height: 100%;background-position: 50% 50%;'><\/div>\n                    <\/a>                            \n\n                                            <\/div>\n                        <div class=\"col-12 col-sm-12 col-md-12 p-0 h-100\">\n                                                <div class=\"w-100\" style='background: url(https:\/\/www.laconchigliahotel.com\/wp-content\/uploads\/2023\/07\/risto-2023-0004.jpg); background-size: cover; height: 100%;background-position: 50% 50%;'><\/div>\n                    <\/a>                            \n\n                                            <\/div>\n                        <div class=\"col-12 col-sm-12 col-md-12 p-0 h-100\">\n                                                <div class=\"w-100\" style='background: url(https:\/\/www.laconchigliahotel.com\/wp-content\/uploads\/2023\/07\/cucina-001-2023.jpg); background-size: cover; height: 100%;background-position: 50% 50%;'><\/div>\n                    <\/a>                            \n\n                                            <\/div>\n                        <div class=\"col-12 col-sm-12 col-md-12 p-0 h-100\">\n                                                <div class=\"w-100\" style='background: url(https:\/\/www.laconchigliahotel.com\/wp-content\/uploads\/2023\/07\/cucina-002-2023.jpg); background-size: cover; height: 100%;background-position: 50% 50%;'><\/div>\n                    <\/a>                            \n\n                                            <\/div>\n                        <div class=\"col-12 col-sm-12 col-md-12 p-0 h-100\">\n                                                <div class=\"w-100\" style='background: url(https:\/\/www.laconchigliahotel.com\/wp-content\/uploads\/2023\/07\/risto-2023-000.jpg); background-size: cover; height: 100%;background-position: 50% 50%;'><\/div>\n                    <\/a>                            \n\n                                            <\/div>\n            <\/div>\n\n\n    <\/div>\n<\/div>\n<\/section>\n\n<section class=\"wao-blocks-container container-fluid mb-2 gradient-recensioni bordo-gradient-bottom text-center p-5\"\n\tstyle=\" min-height: 400px\"\t>\n    \n<div class=\"wao-blocks-row row\" >\n    \n\n<div class=\"col-12 col-md-12\"\n     \n\t \n\t>\n        \n\n<div class=\"wao-blocks-immagine-src text-center pb-3\" \n    >\n                    <img decoding=\"async\" src=\"https:\/\/www.laconchigliahotel.com\/wp-content\/uploads\/2021\/06\/Icon-awesome-tripadvisor.png\"  alt=\"Icon awesome-tripadvisor\">\n    <\/div>\n\n\n<h2 class=\"has-text-align-center pb-5 wp-block-heading\">Recensioni<\/h2>\n\n\n\n<div class=\"mx-auto text-center wao-blocks-recensioni-flickity recensioni-text recensioni-flickity-80719\"\n        style=\"margin-bottom: 35px\">\n        <blockquote>\n        <div class=\"js--flickity\" data-cellAlign=\"center\" data-bgLazyLoad=\"1\" data-freeScroll=\"true\" data-wrapAround=\"true\" data-autoPlay=\"5000\" data-pauseAutoPlayOnHover =\"true\" data-prevNextButtons=\"false\" data-contain=\"true\" data-pageDots=\"true\" data-draggable=\"false\" data-groupCells=\"1\" data-fade=\"true\" role=\"toolbar\">\n                        <div style=\"width: 100%;\">\n                                    <h4>Disponibilit\u00e0 e cortesia<\/h4>\n                        <p>Ringraziamo ancora una volta Nico per la disponibilit\u00e0 dimostrata. Abbiamo soggiornato in coppia l'ultima settimana di agosto. La sistemazione che ci \u00e8 stata proposta ha soddisfatto pienamente le ns. esigenze. Segnaliamo la cortesia del personale ed il buon cibo.<\/p>\n                        <strong>\n                            <i>Max R.<\/i>\n                        <\/strong>\n                    <\/div>\n                        <div style=\"width: 100%;\">\n                                    <h4>Vacanza in relax<\/h4>\n                        <p>Otto giorni tranquilli e rilassanti, abbiamo avuto una camera spaziosa fronte mare con doccia enorme!!! Mangiato benissimo, bel mare e grande piscina! ottima accoglienza e rapporto qualit\u00e0 prezzo tutto incluso!<\/p>\n                        <strong>\n                            <i>Laura P<\/i>\n                        <\/strong>\n                    <\/div>\n                        <div style=\"width: 100%;\">\n                                    <h4>L'uovo di Colombo<\/h4>\n                        <p>Perfetto x chi come me ama la piscina (io) e mia moglie che invece ama di piu' la spiaggia (erano compresi 2 lettini e ombrellone) entrambi attaccati. Cucina validissima incluso la colazione<br>difficilmente troverete di meglio <br>...<\/p>\n                        <strong>\n                            <i>Marco C<\/i>\n                        <\/strong>\n                    <\/div>\n                        <div style=\"width: 100%;\">\n                                    <h4>Piacevole Sorpresa<\/h4>\n                        <p>Ho soggiornato dal 12 al 25 luglio con mio padre 93 enne. Cercavo una struttura vicino al mare e ho trovato questa cercando sul web. \u00c8 stata una piacevolissima sorpresa: personale gentile e disponibile ( Nico fantastico), ambiente pulito e ristrutturato di recente<br>...<\/p>\n                        <strong>\n                            <i>Mario C<\/i>\n                        <\/strong>\n                    <\/div>\n                    <\/div>\n    <\/blockquote>\n<\/div>\n    <\/div>\n<\/div>\n<\/section>\n\n<section class=\"wao-blocks-container container-fluid mb-5 py-2 px-md-5\"\n\t\t>\n    \n<div class=\"g--bkg-light-01 py-3 mx-50\">\n\n<div class=\"wao-blocks-row row g--bkg-light-02 p-3 mx-neg-50\" >\n    \n\n<div class=\"col-12 col-md-3 d-flex align-items-center\"\n     \n\t \n\t>\n        \n\n<div class=\"wao-blocks-immagine-src\" \n    >\n                    <img decoding=\"async\" src=\"https:\/\/www.laconchigliahotel.com\/wp-content\/uploads\/2021\/06\/ico-envelope-primary-1.png\"  class=\"img-fluid\"  alt=\"Contatta Hotel La Conchiglia Rimini\">\n    <\/div>\n    <\/div>\n\n\n<div class=\"col-12 col-md-9\"\n     \n\t \n\t>\n        \n<div class=\"\">\n\n\n<h2 class=\"wp-block-heading\">Newsletter<\/h2>\n\n\n\n<p>Tutte le nostre offerte e promozioni in anteprima solo per te. Lasciaci la tua email, pensiamo a tutto noi.<\/p>\n\n\n<script src=\"https:\/\/www.google.com\/recaptcha\/enterprise.js?render=6LdKs-6Lc3xMIcAAAAAO2K3CkgGUYb6BcsBOk289jP7NUP\"><\/script>\n<div class=\"l--box-newsletter wao-blocks-nav-tab\" >\n    <form class=\"custom\" name=\"iscrizione_newsletter\" id=\"iscrizione_newsletter\" method=\"post\" autocomplete=\"OFF\">\n        <fieldset>\n            <div class=\"form-group row\">\n                <div id=\"newsletter\" class=\"col-12 col-lg-12 mx-auto\">\n<input value=\"on\" type=\"checkbox\" name=\"news_privacy\" id=\"news_privacy\">\n<label for=\"news_privacy\">*\n    <small>\n        <a href=\"javascript:void(0)\" title=\"privacy\"\n            class=\"privacy link-privacy-policy \" style=\"cursor: pointer;\">\n            Accetto privacy\n        <\/a>\n    <\/small>\n<\/label>\n<\/div>                <div class=\"col-12 col-lg-4 mx-auto\">\n                    <input type=\"text\" class=\"form-control \" id=\"news_nome\" name=\"nome\" placeholder=\"Nome*\">\n                <\/div>\n                <div class=\"col-12 col-lg-4 mx-auto\">\n                    <input type=\"text\" class=\"form-control \" id=\"news_email\" name=\"email\" value=\"\" placeholder=\"Email*\">\n                <\/div>\n                                <div class=\"col-12 col-lg-4 mx-auto\">\n                    <button class=\"btn btn-primary text-uppercase\"type=\"submit\" id=\"iscrizioneNewsletter\">\n                        Iscriviti\n                    <\/button>\n                    <input name=\"dominio\" type=\"hidden\" value=\"https:\/\/www.laconchigliahotel.com\/fr\/\">\n                    <input name=\"idHotel\" type=\"hidden\" value=\"675\">\n                    <input name=\"lingua\" type=\"hidden\" value=\"it\">\n                <\/div>\n            <\/div>\n        <\/fieldset>\n    <\/form>\n<\/div>\n<div id=\"divAlert\" class=\"h-50 w-50 m-auto alert-info d-none\" style=\"position: fixed; top: 10px; left: 10px; right: 10px; bottom: 10px; z-index: 2000; overflow: auto\">\n\t<div class=\"text-right\">\n\t\t<a class=\"btn btn-primary btn_chiudi \" href=\"javascript:void(0)\" onclick=\"location.reload(true);\" title=\"Chiudi\"><i class=\"fa fa-times\" aria-hidden=\"true\"><\/i><\/a>\n\t<\/div>\n\t<div class=\"text-center alert-info l--align-middle-vertical\" style=\"height: calc(100% - 50px);\">\n\t\t<div class=\"logo\"><\/div>\n\t\t<div class=\"text-center h-50 w-50\">\n\t\t\t<span class=\"display-3\"><i class=\"fa fa-paper-plane\" aria-hidden=\"true\"><\/i><\/span>\n\t\t\t<h4>iscrizione alla newsletter completata con successo<\/h4>\n\t\t<\/div>\n\t<\/div>\n<\/div>\n\n\n<\/div>\n    <\/div>\n<\/div>\n\n<\/div>\n<\/section>\n\n<div class=\"p-4 mx-auto\">\n\n<section class=\"wao-blocks-container container-fluid mb-0\"\n\t\t>\n    \n<div class=\"wao-blocks-row row\" >\n    \n\n<div class=\"col-12 col-md-4 px-0\"\n     \n\t \n\t>\n        \n<div class=\"p-4 text-center\">\n\n\n<div class=\"wao-blocks-immagine-src\" \n    >\n                    <img decoding=\"async\" src=\"https:\/\/www.laconchigliahotel.com\/wp-content\/uploads\/2021\/06\/icon-mappa-1.png\"  alt=\"Dove siamo Hotel La Conchiglia Rimini\">\n    <\/div>\n\n\n<h2 class=\"wp-block-heading py-3\">Dove Siamo<\/h2>\n\n\n<p>\n<\/br>\n\n\n<\/p>\n\n\n<div class=\"wao-blocks-button\" >\n\t<a href=\"https:\/\/www.laconchigliahotel.com\/dove-siamo\/\" \n\t\tclass=\"btn btn-outline-secondary \"\n        title=\"Dove siamo Hotel La Conchiglia Rimini\" \n\t\t\t\ttitle=\"SCOPRI\" \n\t>\t\n\t\t\t\tSCOPRI\t\t<i class=\"fas fa-arrow-right ml-3\"><\/i> \t<\/a>\n<\/div>\n\n<\/div>\n    <\/div>\n\n\n<div class=\"col-12 col-md-8 p-0\"\n     \n\t \n\t>\n        \n<iframe class=\"gmap js--lazy-load\" title=\"Google Map come raggiungere Hotel la Conchiglia Rimini\" data-src=\"https:\/\/www.google.com\/maps\/embed?pb=!1m18!1m12!1m3!1d425.8688484321222!2d12.51385165954089!3d44.10620587897548!2m3!1f0!2f0!3f0!3m2!1i1024!2i768!4f13.1!3m3!1m2!1s0x132cc69621920857%3A0x8e9599405a98aac3!2sLa%20Conchiglia!5e0!3m2!1sen!2sit!4v1622560476468!5m2!1sen!2sit\" width=\"100%\" height=\"100%\" title=\"Posizione del Residence Hotel La conchiglia su Google Map\" allowfullscreen=\"\" loading=\"lazy\" ><\/iframe>\n    <\/div>\n<\/div>\n\n<div class=\"wao-blocks-row row bordo-gradient-top\" >\n    \n\n<div class=\"col-12 col-md-4 p-0 order-md-1 order-2 \"\n     \n\t \n\t>\n        \n    <figure\n        class=\"wao-blocks-immagine-bkg w-100 h-100\"\n        style=\"background: url('https:\/\/www.laconchigliahotel.com\/wp-content\/uploads\/2022\/03\/dove-conchiglia.jpg') center center \/ cover no-repeat; min-height: 400px;\"\n        >\n            <\/figure>\n\n    <\/div>\n\n\n<div class=\"col-12 col-md-8 p-5  order-md-2 order-1\"\n     \n\t \n\t>\n        \n\n<h2 class=\"wp-block-heading py-3\">Nuovo Lungomare Pedonale<\/h2>\n\n\n\n<p>Un nuovo modo di vivere la tua vacanza, con una <strong>piacevole zona pedonale a traffico limitato<\/strong>. Scarica qui il modulo per poter accedere alla zona ZTL, compilalo con tutti i dati e <strong>consegnalo in hotel al tuo arrivo<\/strong>, penseremo a tutto noi! Ti ricordiamo che l'accesso \u00e8 permesso per raggiungere l'hotel e sostare per il tempo utile di <strong>carico-scarico bagagli<\/strong>, oltre che per <strong>entrare e uscire dal parcheggio dell'hotel<\/strong>.<\/p>\n\n\n\n<div class=\"wao-blocks-button\" >\n\t<a href=\"https:\/\/www.laconchigliahotel.com\/wp-content\/uploads\/2022\/03\/autocertificazione-ztl.pdf\" \n\t\tclass=\"btn btn-outline-secondary \"\n        title=\"Permesso ZTL Hotel la Conchiglia Rimini\" \n\t\ttarget=\"_blank\"\t\ttitle=\"Scarica permesso ZTL\" \n\t>\t\n\t\t\t\tScarica permesso ZTL\t\t<i class=\"fas fa-arrow-right ml-3\"><\/i> \t<\/a>\n<\/div>\n    <\/div>\n<\/div>\n<\/section>\n\n<\/div>\n\n<section class=\"wao-blocks-container container-fluid mb-2 gradient\"\n\t\t>\n    \n<section class=\"wao-blocks-container container mb-2 p-md-5 p-3\"\n\t\t>\n    \n\n<h2 class=\"has-text-align-center text-white pb-3 wp-block-heading\">Contattaci per un preventivo<\/h2>\n\n\n<div class=\"wao-blocks-row row bg-white\" >\n    \n\n<div class=\"col-12 col-md-12 px-md-5\"\n     \n\t \n\t>\n        \n\n<div class=\"merida_root\" id=\"merida_block\"><\/div>\n\n<script>\nvar merida_config_merida_block = {\n    customerId: 675 ,\n    showSuccessModal : true,\n    rootEl: \"merida_block\",\n    childrenAgeMax: 16,\n    childrenAgeMin: 0,\n    layout: \"compact\",\n    language: \"fr\",\n                theme : {\n        colors: {\n            primary: '#a28ec2',\n            primaryTextAlt: '#ffffff',\n            secondary: '#a28ec2',\n            secondaryTextAlt: '#ffffff',\n            text: '#3e464c',\n            error: '#cc0033',\n            formBackground: '#ffffff',\n            label: '#4d4d4d',\n            labelInput: '#a28ec2',\n            labelInputActive: '#a28ec2',\n            inputBackground: '#eeeeee',\n            inputBorder: '#eeeeee',\n            checkboxBorder: '#eeeeee',\n        }\n    },\n    onSuccess : function(res) {\n        \n                        if (typeof(ga) !== 'undefined') {\n                   ga('send', 'event', 'Email', 'Invio', 'Form');\n                }\n                    }\n};\n\n(function(url, cb) {\n    var s = document.createElement(\"script\");\n    s.type = \"text\/javascript\";\n\n    if (s.readyState) { \/\/IE\n        s.onreadystatechange = function() {\n            if (s.readyState == \"loaded\" || s.readyState == \"complete\") {\n                s.onreadystatechange = null;\n                cb();\n            }\n        };\n    } else { \/\/Others\n        s.onload = function() {\n            cb();\n        };\n    }\n\n    s.src = url;\n    document.getElementsByTagName(\"head\")[0].appendChild(s);\n})(\"https:\/\/static.adriasonline.it\/merida\/latest\/merida.js\", function() {\n    window.aoForm = merida(merida_config_merida_block);\n});\n<\/script>\n    <\/div>\n<\/div>\n<\/section>\n<\/section>","protected":false},"excerpt":{"rendered":"","protected":false},"author":1,"featured_media":0,"parent":0,"menu_order":0,"comment_status":"closed","ping_status":"closed","template":"","meta":{"footnotes":""},"class_list":["post-25","page","type-page","status-publish","hentry"],"_links":{"self":[{"href":"https:\/\/www.laconchigliahotel.com\/fr\/wp-json\/wp\/v2\/pages\/25","targetHints":{"allow":["GET"]}}],"collection":[{"href":"https:\/\/www.laconchigliahotel.com\/fr\/wp-json\/wp\/v2\/pages"}],"about":[{"href":"https:\/\/www.laconchigliahotel.com\/fr\/wp-json\/wp\/v2\/types\/page"}],"author":[{"embeddable":true,"href":"https:\/\/www.laconchigliahotel.com\/fr\/wp-json\/wp\/v2\/users\/1"}],"replies":[{"embeddable":true,"href":"https:\/\/www.laconchigliahotel.com\/fr\/wp-json\/wp\/v2\/comments?post=25"}],"version-history":[{"count":10,"href":"https:\/\/www.laconchigliahotel.com\/fr\/wp-json\/wp\/v2\/pages\/25\/revisions"}],"predecessor-version":[{"id":2948,"href":"https:\/\/www.laconchigliahotel.com\/fr\/wp-json\/wp\/v2\/pages\/25\/revisions\/2948"}],"wp:attachment":[{"href":"https:\/\/www.laconchigliahotel.com\/fr\/wp-json\/wp\/v2\/media?parent=25"}],"curies":[{"name":"wp","href":"https:\/\/api.w.org\/{rel}","templated":true}]}}