{"id":32,"date":"2021-05-27T09:34:16","date_gmt":"2021-05-27T07:34:16","guid":{"rendered":"http:\/\/www.laconchigliahotel.com\/?page_id=32"},"modified":"2025-12-22T16:14:14","modified_gmt":"2025-12-22T15:14:14","slug":"dove-siamo","status":"publish","type":"page","link":"https:\/\/www.laconchigliahotel.com\/fr\/dove-siamo\/","title":{"rendered":"O\u00f9 nous sommes"},"content":{"rendered":"<section class=\"wao-blocks-container container-fluid mb-0 py-3\"\n\t\t>\n    \n<div class=\"wao-blocks-row row\" >\n    \n\n<div class=\"col-12 col-md-12\"\n     \n\t \n\t>\n        \n\n<div class=\"wao-blocks-immagine-src text-center py-3\" \n    >\n                    <img decoding=\"async\" src=\"https:\/\/www.laconchigliahotel.com\/wp-content\/uploads\/2021\/06\/sprite.png\"  alt=\"sprite\">\n    <\/div>\n\n\n<div class=\"breadcrumb-block\"\n    >\n    <div class=\"text-secondary mx-auto text-center small\">\n        <a href=\"https:\/\/www.laconchigliahotel.com\/fr\" rel=\"nofollow\" title=\"Accueil\">Accueil &gt;<\/a>\n        O\u00f9 nous sommes    <\/div>\n<\/div>\n    <\/div>\n<\/div>\n<\/section>\n\n<section class=\"wao-blocks-container container-fluid mb-0\"\n\t\t>\n    \n<div class=\"wao-blocks-row row\" >\n    \n\n<div class=\"col-12 col-md-6 p-0\"\n     \n\t \n\t>\n        \n<iframe src=\"https:\/\/www.google.com\/maps\/embed?pb=!1m18!1m12!1m3!1d425.8688484321222!2d12.51385165954089!3d44.10620587897548!2m3!1f0!2f0!3f0!3m2!1i1024!2i768!4f13.1!3m3!1m2!1s0x132cc69621920857%3A0x8e9599405a98aac3!2sLa%20Conchiglia!5e0!3m2!1sen!2sit!4v1622560476468!5m2!1sen!2sit\" width=\"100%\" height=\"100%\" class=\"bordo-gradient-bottom\" allowfullscreen=\"\" loading=\"lazy\" style=\"min-height: 400px;\"><\/iframe>\n    <\/div>\n\n\n<div class=\"col-12 col-md-6 bordo-gradient  p-5 d-flex align-items-center\"\n     \n\t \n\t>\n        \n<div>\n\n\n<h2 class=\"wp-block-heading\">O\u00f9 nous sommes<\/h2>\n\n\n\n<h3 class=\"wp-block-heading\"><em>D\u00e9couvrez comment nous joindre<\/em><\/h3>\n\n\n\n<p class=\"has-text-align-left pt-2 pt-md-5\">Nous sommes situ\u00e9s \u00e0 Torre Pedrera di Rimini, sur la nouvelle et moderne promenade, directement sur la plage.<\/p>\n\n\n\n<p class=\"has-text-align-left\">La localit\u00e9 tire son nom de l'ancienne tour construite en 1673, sur ordre de l'\u00c9tat pontifical : la tour, gr\u00e2ce \u00e0 sa position g\u00e9ographique strat\u00e9gique, avait une certaine importance pour le contr\u00f4le des activit\u00e9s maritimes. La \"Pedrera\" d\u00e9rive plut\u00f4t de l'ancienne coutume des habitants de prendre les pierres, n\u00e9cessaires \u00e0 la construction de leurs maisons, dans le lit de la rivi\u00e8re Pedreira. D'o\u00f9 le nom de Torre della Pedreira, qui est devenu aujourd'hui Torre Pedrera.<\/p>\n\n\n<\/div>\n    <\/div>\n<\/div>\n<\/section>\n\n<section class=\"wao-blocks-container container-fluid mb-0\"\n\t\t>\n    \n<div class=\"wao-blocks-row row\" >\n    \n\n<div class=\"col-12 col-md-6 bordo-gradient  p-5 d-flex align-items-center order-md-1 order-2\"\n     \n\t \n\t>\n        \n<div>\n\n\n<h2 class=\"wp-block-heading\">Comment nous joindre<\/h2>\n\n\n\n<p class=\"pt-2 pt-md-5\">EN VOITURE : Depuis la sortie Rimini Nord de l'autoroute A14, suivre les indications pour la mer. Une fois sur le front de mer, tournez \u00e0 droite et suivez-le jusqu'\u00e0 l'\u00e9tablissement de baignade n\u00b0 64.<\/p>\n\n\n\n<p>EN TRAIN : de la gare de Rimini, prenez le bus n\u00b0 4 en direction de Torre Pedrera. Notre h\u00f4tel est situ\u00e9 \u00e0 l'arr\u00eat n\u00b0 29.<\/p>\n\n\n\n<p>L'h\u00f4tel est situ\u00e9 sur la nouvelle promenade \u00e0 circulation restreinte. Pour obtenir l'acc\u00e8s, vous devez t\u00e9l\u00e9charger le formulaire de demande ici, le remplir avec toutes vos coordonn\u00e9es et <strong>le remettre \u00e0 l'h\u00f4tel \u00e0 votre arriv\u00e9e<\/strong>nous nous occupons de tout ! L'acc\u00e8s \u00e0 la zone ZTL est autoris\u00e9 pour atteindre l'h\u00f4tel et y rester le temps de <strong>chargement\/d\u00e9chargement des bagages<\/strong>ainsi que pour <strong>l'entr\u00e9e et la sortie du parking de l'h\u00f4tel<\/strong>.<\/p>\n\n\n<\/div>\n    <\/div>\n\n\n<div class=\"col-12 col-md-6 p-0 order-md-2 order-1\"\n     \n\t \n\t>\n        \n    <figure\n        class=\"wao-blocks-immagine-bkg h-100\"\n        style=\"background: url('https:\/\/www.laconchigliahotel.com\/wp-content\/uploads\/2023\/07\/comeraggiungerci-2023.jpg') center center \/ cover no-repeat; min-height: 400px;\"\n        >\n                <a href=\"https:\/\/www.laconchigliahotel.com\/wp-content\/uploads\/2023\/07\/comeraggiungerci-2023.jpg\" rel=\"ilightBox\" class=\"d-block l--h-100 text-right min-h-100\" style=\"min-height: 400px; \" title=\"Galerie ouverte\">\n\n                    <\/a>\n            <\/figure>\n\n    <\/div>\n<\/div>\n<\/section>\n\n<section class=\"wao-blocks-container container-fluid mb-0\"\n\t\t>\n    \n<div class=\"wao-blocks-row row\" >\n    \n\n<div class=\"col-12 col-md-6 p-0\"\n     \n\t \n\t>\n        \n    <figure\n        class=\"wao-blocks-immagine-bkg h-100\"\n        style=\"background: url('https:\/\/www.laconchigliahotel.com\/wp-content\/uploads\/2021\/06\/ruota.jpg') center center \/ cover no-repeat; min-height: 400px;\"\n        >\n            <\/figure>\n\n    <\/div>\n\n\n<div class=\"col-12 col-md-6 bordo-gradient  p-5 d-flex align-items-center\"\n     \n\t \n\t>\n        \n<div>\n\n\n<h2 class=\"wp-block-heading\">Nous sommes proches :<\/h2>\n\n\n\n<p class=\"pt-2 pt-md-5\">Centre historique de Rimini &gt; Km 6<\/p>\n\n\n\n<p>L'Italie en miniature &gt; Km 2<\/p>\n\n\n\n<p>A\u00e9roport de Rimini &gt; Km 11<\/p>\n\n\n\n<p>Foire &gt; Km 2<\/p>\n\n\n\n<p>Palacongressi &gt; Km 5<\/p>\n\n\n<\/div>\n    <\/div>\n<\/div>\n<\/section>\n\n<section class=\"wao-blocks-container container-fluid mb-2 gradient\"\n\t\t>\n    \n<section class=\"wao-blocks-container container mb-2 p-md-5 p-3\"\n\t\t>\n    \n\n<h2 class=\"has-text-align-center text-white pb-3 wp-block-heading\">Contactez-nous pour un devis<\/h2>\n\n\n<div class=\"wao-blocks-row row bg-white\" >\n    \n\n<div class=\"col-12 col-md-12 px-md-5\"\n     \n\t \n\t>\n        \n\n<div class=\"merida_root\" id=\"merida_block\"><\/div>\n\n<script>\nvar merida_config_merida_block = {\n    customerId: 675 ,\n    showSuccessModal : true,\n    rootEl: \"merida_block\",\n    childrenAgeMax: 16,\n    childrenAgeMin: 0,\n    layout: \"compact\",\n    language: \"fr\",\n                theme : {\n        colors: {\n            primary: '#a28ec2',\n            primaryTextAlt: '#ffffff',\n            secondary: '#a28ec2',\n            secondaryTextAlt: '#ffffff',\n            text: '#3e464c',\n            error: '#cc0033',\n            formBackground: '#ffffff',\n            label: '#4d4d4d',\n            labelInput: '#a28ec2',\n            labelInputActive: '#a28ec2',\n            inputBackground: '#eeeeee',\n            inputBorder: '#eeeeee',\n            checkboxBorder: '#eeeeee',\n        }\n    },\n    onSuccess : function(res) {\n        \n                        if (typeof(ga) !== 'undefined') {\n                   ga('send', 'event', 'Email', 'Invio', 'Form');\n                }\n                    }\n};\n\n(function(url, cb) {\n    var s = document.createElement(\"script\");\n    s.type = \"text\/javascript\";\n\n    if (s.readyState) { \/\/IE\n        s.onreadystatechange = function() {\n            if (s.readyState == \"loaded\" || s.readyState == \"complete\") {\n                s.onreadystatechange = null;\n                cb();\n            }\n        };\n    } else { \/\/Others\n        s.onload = function() {\n            cb();\n        };\n    }\n\n    s.src = url;\n    document.getElementsByTagName(\"head\")[0].appendChild(s);\n})(\"https:\/\/static.adriasonline.it\/merida\/latest\/merida.js\", function() {\n    window.aoForm = merida(merida_config_merida_block);\n});\n<\/script>\n    <\/div>\n<\/div>\n<\/section>\n<\/section>","protected":false},"excerpt":{"rendered":"","protected":false},"author":1,"featured_media":0,"parent":0,"menu_order":0,"comment_status":"closed","ping_status":"closed","template":"","meta":{"footnotes":""},"class_list":["post-32","page","type-page","status-publish","hentry"],"_links":{"self":[{"href":"https:\/\/www.laconchigliahotel.com\/fr\/wp-json\/wp\/v2\/pages\/32","targetHints":{"allow":["GET"]}}],"collection":[{"href":"https:\/\/www.laconchigliahotel.com\/fr\/wp-json\/wp\/v2\/pages"}],"about":[{"href":"https:\/\/www.laconchigliahotel.com\/fr\/wp-json\/wp\/v2\/types\/page"}],"author":[{"embeddable":true,"href":"https:\/\/www.laconchigliahotel.com\/fr\/wp-json\/wp\/v2\/users\/1"}],"replies":[{"embeddable":true,"href":"https:\/\/www.laconchigliahotel.com\/fr\/wp-json\/wp\/v2\/comments?post=32"}],"version-history":[{"count":4,"href":"https:\/\/www.laconchigliahotel.com\/fr\/wp-json\/wp\/v2\/pages\/32\/revisions"}],"predecessor-version":[{"id":2801,"href":"https:\/\/www.laconchigliahotel.com\/fr\/wp-json\/wp\/v2\/pages\/32\/revisions\/2801"}],"wp:attachment":[{"href":"https:\/\/www.laconchigliahotel.com\/fr\/wp-json\/wp\/v2\/media?parent=32"}],"curies":[{"name":"wp","href":"https:\/\/api.w.org\/{rel}","templated":true}]}}