{"id":36,"date":"2021-05-27T09:34:43","date_gmt":"2021-05-27T07:34:43","guid":{"rendered":"http:\/\/www.laconchigliahotel.com\/?page_id=36"},"modified":"2025-12-22T16:21:18","modified_gmt":"2025-12-22T15:21:18","slug":"piscina","status":"publish","type":"page","link":"https:\/\/www.laconchigliahotel.com\/fr\/piscina\/","title":{"rendered":"Piscine"},"content":{"rendered":"<div id=\"flc-carousel\" data-cellalign=\"center\" data-bglazyload=\"1\" data-freescroll=\"true\" data-wraparound=\"true\" data-autoplay=\"5000\" data-pauseautoplayonhover =\"true\" data-prevnextbuttons=\"false\" data-contain=\"true\" data-pagedots=\"false\" data-draggable=\"false\" data-groupcells=\"1\" data-fade=\"true\" class=\"js--flickity wao-blocks-slider flc-carousel-97994\"  >\n\n                            <div class=\"w-100\">\n                    \n    <div style='background: url(https:\/\/www.laconchigliahotel.com\/wp-content\/uploads\/2025\/12\/header_piscina_2025.jpg)center center ; background-blend-mode: multiply; background-size: cover; height: 75vh; background-position: 50% 50%;' class='wao-blocks-flc-banner'>\n        <div \n            class='carousel-caption mobile-tablet-centered text-center' \n            data-cof=\"true\" data-cof-rule=\"padding, 2rem, 2rem, 2rem, 2rem, 2rem\"             style='max-width: 500px; bottom: ; background-color:  ; margin:  auto            '>\n            \n<div class=\"position-absolute text-over-slider h1 text-quaternary text-center animated zoomIn\" data-anim=\"zoomIn\" style=\"top: -100%;\">Piscine<\/div>\n<div style=\"writing-mode: vertical-rl; position: absolute; top: 33%; left: 50%;\">\n<div style=\"border-left: 6px solid #fff; height: 10vh; position: absolute\"><\/div>\n<\/div>\n        <\/div>\n        <style>\n            @media screen and (max-width: 992px) {\n                .mobile-tablet-centered {\n                    margin: auto !important;\n                }\n            }\n        <\/style>\n    <\/div>\n    \n                <\/div>\n            \n<\/div>\n\n<section class=\"wao-blocks-container container-fluid mb-0 py-3\"\n\t\t>\n    \n<div class=\"wao-blocks-row row\" >\n    \n\n<div class=\"col-12 col-md-12\"\n     \n\t \n\t>\n        \n\n<div class=\"wao-blocks-immagine-src text-center py-3\" \n    >\n                    <img decoding=\"async\" src=\"https:\/\/www.laconchigliahotel.com\/wp-content\/uploads\/2021\/06\/sprite.png\"  alt=\"sprite\">\n    <\/div>\n\n\n<div class=\"breadcrumb-block\"\n    >\n    <div class=\"text-secondary mx-auto text-center small\">\n        <a href=\"https:\/\/www.laconchigliahotel.com\/fr\" rel=\"nofollow\" title=\"Accueil\">Accueil &gt;<\/a>\n        Piscine    <\/div>\n<\/div>\n    <\/div>\n<\/div>\n<\/section>\n\n<section class=\"wao-blocks-container container-fluid mb-0\"\n\t\t>\n    \n<div class=\"wao-blocks-row row\" >\n    \n\n<div class=\"col-12 col-md-6 p-0 min-h-300\"\n     \n\t \n\t>\n        \n\n<div class=\"js--flickity wao-blocks-img-carousel-flickity h-100 arrow-bottom  img-carousel-flickity-24966\"\n        data-cellalign=\"right\" data-bglazyload=\"1\" data-freescroll=\"false\" data-wraparound=\"true\" data-autoplay=\"5000\" data-pauseautoplayonhover =\"true\" data-prevnextbuttons=\"true\" data-contain=\"true\" data-pagedots=\"false\" data-draggable=\"true\" data-initialindex=\"1\"     >\n                <div class=\"col-12 col-sm-12 col-md-12 p-0 h-100\">\n                                                <div class=\"w-100\" style='background: url(https:\/\/www.laconchigliahotel.com\/wp-content\/uploads\/2023\/07\/piscina-2023-003.jpg); background-size: cover; height: 100%;background-position: 50% 50%;'><\/div>\n                    <\/a>                            \n\n                                            <\/div>\n                        <div class=\"col-12 col-sm-12 col-md-12 p-0 h-100\">\n                                                <div class=\"w-100\" style='background: url(https:\/\/www.laconchigliahotel.com\/wp-content\/uploads\/2023\/07\/piscina-2023-004.jpg); background-size: cover; height: 100%;background-position: 50% 50%;'><\/div>\n                    <\/a>                            \n\n                                            <\/div>\n                        <div class=\"col-12 col-sm-12 col-md-12 p-0 h-100\">\n                                                <div class=\"w-100\" style='background: url(https:\/\/www.laconchigliahotel.com\/wp-content\/uploads\/2023\/07\/piscina-2023-006.jpg); background-size: cover; height: 100%;background-position: 50% 50%;'><\/div>\n                    <\/a>                            \n\n                                            <\/div>\n                        <div class=\"col-12 col-sm-12 col-md-12 p-0 h-100\">\n                                                <div class=\"w-100\" style='background: url(https:\/\/www.laconchigliahotel.com\/wp-content\/uploads\/2023\/07\/piscina-2023-005.jpg); background-size: cover; height: 100%;background-position: 50% 50%;'><\/div>\n                    <\/a>                            \n\n                                            <\/div>\n                        <div class=\"col-12 col-sm-12 col-md-12 p-0 h-100\">\n                                                <div class=\"w-100\" style='background: url(https:\/\/www.laconchigliahotel.com\/wp-content\/uploads\/2023\/07\/piscina-2023-007.jpg); background-size: cover; height: 100%;background-position: 50% 50%;'><\/div>\n                    <\/a>                            \n\n                                            <\/div>\n            <\/div>\n\n\n    <\/div>\n\n\n<div class=\"col-12 col-md-6 bordo-gradient  p-5 d-flex align-items-center\"\n     \n\t \n\t>\n        \n<div>\n\n\n<h2 class=\"wp-block-heading\">La piscine avec bain \u00e0 remous<\/h2>\n\n\n\n<p class=\"pt-2 pt-md-5\">Tout en profitant du soleil sur notre plage priv\u00e9e, vous pouvez choisir de vous baigner dans la piscine de l'h\u00f4tel.<strong> grande piscine<\/strong> ou consacrer un moment de <strong>le repos absolu dans le bain \u00e0 remous<\/strong>Les deux b\u00e9n\u00e9ficient d'une vue magnifique sur la mer.<br>Notre piscine est l'endroit id\u00e9al pour se rafra\u00eechir lors des journ\u00e9es chaudes : si vous avez des enfants, vous pouvez vous reposer en paix pendant qu'ils jouent en toute s\u00e9curit\u00e9 gr\u00e2ce \u00e0 l'installation d'un syst\u00e8me d'alarme. <strong>service de sauvetage<\/strong>toujours pr\u00e9sent et attentif.<\/p>\n\n\n\n<p>Pour ceux qui aiment les bains de soleil, nous proposons gratuitement deux chaises longues par chambre dans notre spacieux solarium.<\/p>\n\n\n\n<p>La piscine est \u00e9galement \u00e0 la disposition des clients qui choisissent de s\u00e9journer dans notre r\u00e9sidence La Conchiglia Uno.<\/p>\n\n\n<\/div>\n    <\/div>\n<\/div>\n<\/section>\n\n<section class=\"wao-blocks-container container-fluid mb-5\"\n\t\t>\n    \n<div class=\"wao-blocks-row row\" >\n    \n\n<div class=\"col-12 col-md-6 order-md-1 order-2 bordo-gradient  p-5 d-flex align-items-center\"\n     \n\t \n\t>\n        \n<div>\n\n\n<h2 class=\"wp-block-heading\">Nous aimons faire la f\u00eate<\/h2>\n\n\n\n<p>\u00c0 l'h\u00f4tel La Conchiglia, nous nous amusons toujours ensemble ! Nous aimons faire la f\u00eate avec nos clients\/amis et sommes fiers d'offrir des divertissements de qualit\u00e9. Une fois par semaine, nous proposons \u00e0 l'heure du d\u00e9jeuner un <strong>ap\u00e9ritif au bord de la piscine avec musique<\/strong> et des collations, pour poursuivre les activit\u00e9s de la journ\u00e9e.<\/p>\n\n\n\n<p>En outre, nous organisons <strong>une soir\u00e9e d'animation par semaine<\/strong>avec un fantastique <strong>spectacle de danseurs<\/strong> o\u00f9, en plus d'admirer les professionnels de la danse, vous pourrez participer \u00e0 des danses de groupe attrayantes et divertissantes, le tout accompagn\u00e9 de <strong>pizza \u00e0 volont\u00e9 et feux d'artifice<\/strong>!<\/p>\n\n\n<\/div>\n    <\/div>\n\n\n<div class=\"col-12 col-md-6 p-0 min-h-300 order-md-2 order-1\"\n     \n\t \n\t>\n        \n\n<div class=\"js--flickity wao-blocks-img-carousel-flickity h-100 arrow-bottom  img-carousel-flickity-55286\"\n        data-cellalign=\"right\" data-bglazyload=\"1\" data-freescroll=\"false\" data-wraparound=\"true\" data-autoplay=\"5000\" data-pauseautoplayonhover =\"true\" data-prevnextbuttons=\"true\" data-contain=\"true\" data-pagedots=\"false\" data-draggable=\"true\" data-initialindex=\"1\"     >\n                <div class=\"col-12 col-sm-12 col-md-12 p-0 h-100\">\n                                                <div class=\"w-100\" style='background: url(https:\/\/www.laconchigliahotel.com\/wp-content\/uploads\/2023\/08\/feste-2023-003.jpg); background-size: cover; height: 100%;background-position: 50% 50%;'><\/div>\n                    <\/a>                            \n\n                                            <\/div>\n                        <div class=\"col-12 col-sm-12 col-md-12 p-0 h-100\">\n                                                <div class=\"w-100\" style='background: url(https:\/\/www.laconchigliahotel.com\/wp-content\/uploads\/2023\/08\/feste-piscina-004.jpg); background-size: cover; height: 100%;background-position: 50% 50%;'><\/div>\n                    <\/a>                            \n\n                                            <\/div>\n                        <div class=\"col-12 col-sm-12 col-md-12 p-0 h-100\">\n                                                <div class=\"w-100\" style='background: url(https:\/\/www.laconchigliahotel.com\/wp-content\/uploads\/2023\/08\/feste-piscina-00.jpg); background-size: cover; height: 100%;background-position: 50% 50%;'><\/div>\n                    <\/a>                            \n\n                                            <\/div>\n                        <div class=\"col-12 col-sm-12 col-md-12 p-0 h-100\">\n                                                <div class=\"w-100\" style='background: url(https:\/\/www.laconchigliahotel.com\/wp-content\/uploads\/2023\/08\/feste-piscina-002.jpg); background-size: cover; height: 100%;background-position: 50% 50%;'><\/div>\n                    <\/a>                            \n\n                                            <\/div>\n                        <div class=\"col-12 col-sm-12 col-md-12 p-0 h-100\">\n                                                <div class=\"w-100\" style='background: url(https:\/\/www.laconchigliahotel.com\/wp-content\/uploads\/2023\/08\/feste-piscina-006.jpg); background-size: cover; height: 100%;background-position: 50% 50%;'><\/div>\n                    <\/a>                            \n\n                                            <\/div>\n                        <div class=\"col-12 col-sm-12 col-md-12 p-0 h-100\">\n                                                <div class=\"w-100\" style='background: url(https:\/\/www.laconchigliahotel.com\/wp-content\/uploads\/2023\/08\/feste-piscina-007.jpg); background-size: cover; height: 100%;background-position: 50% 50%;'><\/div>\n                    <\/a>                            \n\n                                            <\/div>\n            <\/div>\n\n\n    <\/div>\n<\/div>\n<\/section>\n\n<section class=\"wao-blocks-container container-fluid mb-2 gradient-recensioni bordo-gradient-bottom text-center p-5\"\n\tstyle=\" min-height: 400px\"\t>\n    \n<div class=\"wao-blocks-row row\" >\n    \n\n<div class=\"col-12 col-md-12\"\n     \n\t \n\t>\n        \n\n<div class=\"wao-blocks-immagine-src text-center pb-3\" \n    >\n                    <img decoding=\"async\" src=\"https:\/\/www.laconchigliahotel.com\/wp-content\/uploads\/2021\/06\/Icon-awesome-tripadvisor.png\"  alt=\"Ic\u00f4ne &quot;awesome-tripadvisor&quot;.\">\n    <\/div>\n\n\n<h2 class=\"has-text-align-center pb-5 wp-block-heading\">Critiques<\/h2>\n\n\n\n<div class=\"mx-auto text-center wao-blocks-recensioni-flickity recensioni-text recensioni-flickity-88836\"\n        style=\"margin-bottom: 35px\">\n        <blockquote>\n        <div class=\"js--flickity\" data-cellalign=\"center\" data-bglazyload=\"1\" data-freescroll=\"true\" data-wraparound=\"true\" data-autoplay=\"5000\" data-pauseautoplayonhover =\"true\" data-prevnextbuttons=\"false\" data-contain=\"true\" data-pagedots=\"true\" data-draggable=\"false\" data-groupcells=\"1\" data-fade=\"true\" role=\"toolbar\">\n                        <div style=\"width: 100%;\">\n                                    <h4>Disponibilit\u00e9 et courtoisie<\/h4>\n                        <p>Nous remercions encore une fois Nico pour la disponibilit\u00e9 dont il a fait preuve. Nous avons s\u00e9journ\u00e9 en couple la derni\u00e8re semaine d'ao\u00fbt. Le logement qui nous a \u00e9t\u00e9 propos\u00e9 a pleinement satisfait nos besoins. Nous signalons la courtoisie du personnel et la bonne nourriture.<\/p>\n                        <strong>\n                            <i>Max R.<\/i>\n                        <\/strong>\n                    <\/div>\n                        <div style=\"width: 100%;\">\n                                    <h4>Des vacances reposantes<\/h4>\n                        <p>Huit jours de calme et de d\u00e9tente, nous avions une chambre spacieuse face \u00e0 la mer avec une \u00e9norme douche !!! Tr\u00e8s bien mang\u00e9, belle mer et grande piscine ! excellent accueil et rapport qualit\u00e9 prix tout compris !<\/p>\n                        <strong>\n                            <i>Laura P<\/i>\n                        <\/strong>\n                    <\/div>\n                        <div style=\"width: 100%;\">\n                                    <h4>L'\u0153uf de Colomb<\/h4>\n                        <p>Parfait x qui comme moi aime la piscine (moi) et ma femme qui aime plus 'la plage (ils \u00e9taient y compris 2 chaises longues et parasol) les deux attach\u00e9s. Tr\u00e8s bonne nourriture, notamment pour le petit d\u00e9jeuner<br>vous ne trouverez pas mieux <br>...<\/p>\n                        <strong>\n                            <i>Marco C<\/i>\n                        <\/strong>\n                    <\/div>\n                        <div style=\"width: 100%;\">\n                                    <h4>Surprise agr\u00e9able<\/h4>\n                        <p>J'ai s\u00e9journ\u00e9 du 12 au 25 juillet avec mon p\u00e8re de 93 ans. Je cherchais une structure pr\u00e8s de la mer et j'ai trouv\u00e9 ceci en cherchant sur le web. Ce fut une agr\u00e9able surprise : personnel sympathique et serviable (Nico fantastique), propre et r\u00e9cemment r\u00e9nov\u00e9.<br>...<\/p>\n                        <strong>\n                            <i>Mario C<\/i>\n                        <\/strong>\n                    <\/div>\n                    <\/div>\n    <\/blockquote>\n<\/div>\n    <\/div>\n<\/div>\n<\/section>\n\n<section class=\"wao-blocks-container container-fluid mb-5 py-2 px-md-5\"\n\t\t>\n    \n<div class=\"g--bkg-light-01 py-3 mx-50\">\n\n<div class=\"wao-blocks-row row g--bkg-light-02 p-3 mx-neg-50\" >\n    \n\n<div class=\"col-12 col-md-3 d-flex align-items-center\"\n     \n\t \n\t>\n        \n\n<div class=\"wao-blocks-immagine-src\" \n    >\n                    <img decoding=\"async\" src=\"https:\/\/www.laconchigliahotel.com\/wp-content\/uploads\/2021\/06\/ico-envelope-primary-1.png\"  class=\"img-fluid\"  alt=\"Contacter l&#039;h\u00f4tel La Conchiglia Rimini\">\n    <\/div>\n    <\/div>\n\n\n<div class=\"col-12 col-md-9\"\n     \n\t \n\t>\n        \n<div class=\"\">\n\n\n<h2 class=\"wp-block-heading\">Bulletin d'information<\/h2>\n\n\n\n<p>Toutes nos offres et promotions en avant-premi\u00e8re juste pour vous. Laissez-nous votre e-mail, nous nous occupons de tout.<\/p>\n\n\n<script src=\"https:\/\/www.google.com\/recaptcha\/enterprise.js?render=6LdKs-6Lc3xMIcAAAAAO2K3CkgGUYb6BcsBOk289jP7NUP\"><\/script>\n<div class=\"l--box-newsletter wao-blocks-nav-tab\" >\n    <form class=\"custom\" name=\"iscrizione_newsletter\" id=\"iscrizione_newsletter\" method=\"post\" autocomplete=\"OFF\" action=\"\">\n        <fieldset>\n            <div class=\"form-group row\">\n                <div id=\"newsletter\" class=\"col-12 col-lg-12 mx-auto\">\n<input value=\"on\" type=\"checkbox\" name=\"news_privacy\" id=\"news_privacy\">\n<label for=\"news_privacy\">*\n    <small>\n        <a href=\"javascript:void(0)\" title=\"confidentialit\u00e9\"\n            class=\"privacy link-privacy-policy\" style=\"cursor: pointer;\">\n            J'accepte la confidentialit\u00e9\n        <\/a>\n    <\/small>\n<\/label>\n<\/div>                <div class=\"col-12 col-lg-4 mx-auto\">\n                    <input type=\"text\" class=\"form-control\" id=\"news_nome\" name=\"nome\" placeholder=\"Nom*\">\n                <\/div>\n                <div class=\"col-12 col-lg-4 mx-auto\">\n                    <input type=\"text\" class=\"form-control\" id=\"news_email\" name=\"email\" value=\"\" placeholder=\"Courriel*\">\n                <\/div>\n                                <div class=\"col-12 col-lg-4 mx-auto\">\n                    <button class=\"btn btn-primary text-uppercase\"type=\"submit\" id=\"iscrizioneNewsletter\">\n                        S'inscrire\n                    <\/button>\n                    <input name=\"dominio\" type=\"hidden\" value=\"https:\/\/www.laconchigliahotel.com\/fr\/\">\n                    <input name=\"idHotel\" type=\"hidden\" value=\"675\">\n                    <input name=\"lingua\" type=\"hidden\" value=\"it\">\n                <\/div>\n            <\/div>\n        <\/fieldset>\n    <input type=\"hidden\" name=\"trp-form-language\" value=\"fr\"\/><\/form>\n<\/div>\n<div id=\"divAlert\" class=\"h-50 w-50 m-auto alert-info d-none\" style=\"position: fixed; top: 10px; left: 10px; right: 10px; bottom: 10px; z-index: 2000; overflow: auto\">\n\t<div class=\"text-right\">\n\t\t<a class=\"btn btn-primary btn_chiudi\" href=\"javascript:void(0)\" onclick=\"location.reload(true);\" title=\"Fermer\"><i class=\"fa fa-times\" aria-hidden=\"true\"><\/i><\/a>\n\t<\/div>\n\t<div class=\"text-center alert-info l--align-middle-vertical\" style=\"height: calc(100% - 50px);\">\n\t\t<div class=\"logo\"><\/div>\n\t\t<div class=\"text-center h-50 w-50\">\n\t\t\t<span class=\"display-3\"><i class=\"fa fa-paper-plane\" aria-hidden=\"true\"><\/i><\/span>\n\t\t\t<h4>L'abonnement \u00e0 la newsletter a \u00e9t\u00e9 effectu\u00e9 avec succ\u00e8s<\/h4>\n\t\t<\/div>\n\t<\/div>\n<\/div>\n\n\n<\/div>\n    <\/div>\n<\/div>\n\n<\/div>\n<\/section>\n\n<div class=\"p-4 mx-auto\">\n\n<section class=\"wao-blocks-container container-fluid mb-0\"\n\t\t>\n    \n<div class=\"wao-blocks-row row\" >\n    \n\n<div class=\"col-12 col-md-4 px-0\"\n     \n\t \n\t>\n        \n<div class=\"p-4 text-center\">\n\n\n<div class=\"wao-blocks-immagine-src\" \n    >\n                    <img decoding=\"async\" src=\"https:\/\/www.laconchigliahotel.com\/wp-content\/uploads\/2021\/06\/icon-mappa-1.png\"  alt=\"O\u00f9 nous sommes H\u00f4tel La Conchiglia Rimini\">\n    <\/div>\n\n\n<h2 class=\"py-3 wp-block-heading\">O\u00f9 nous sommes<\/h2>\n\n\n<p>\n<\/br>\n\n\n<\/p>\n\n\n<div class=\"wao-blocks-button\" >\n\t<a href=\"https:\/\/www.laconchigliahotel.com\/fr\/dove-siamo\/\" \n\t\tclass=\"btn btn-outline-secondary\"\n        title=\"O\u00f9 nous sommes H\u00f4tel La Conchiglia Rimini\" \n\t>\t\n\t\t\t\tD\u00c9COUVREZ\t\t<i class=\"fas fa-arrow-right ml-3\"><\/i> \t<\/a>\n<\/div>\n\n<\/div>\n    <\/div>\n\n\n<div class=\"col-12 col-md-8 p-0\"\n     \n\t \n\t>\n        \n<iframe class=\"js--lazy-load\" title=\"Google Map pour rejoindre l&#039;H\u00f4tel la Conchiglia Rimini\" data-src=\"https:\/\/www.google.com\/maps\/embed?pb=!1m18!1m12!1m3!1d425.8688484321222!2d12.51385165954089!3d44.10620587897548!2m3!1f0!2f0!3f0!3m2!1i1024!2i768!4f13.1!3m3!1m2!1s0x132cc69621920857%3A0x8e9599405a98aac3!2sLa%20Conchiglia!5e0!3m2!1sen!2sit!4v1622560476468!5m2!1sen!2sit\" width=\"100%\" height=\"100%\" allowfullscreen=\"\" loading=\"lazy\" style=\"min-height:450px;margin-bottom:0;\"><\/iframe>\n    <\/div>\n<\/div>\n\n<div class=\"wao-blocks-row row bordo-gradient-top\" >\n    \n\n<div class=\"col-12 col-md-4 p-0 order-md-1 order-2\"\n     \n\t \n\t>\n        \n    <figure\n        class=\"wao-blocks-immagine-bkg w-100 h-100\"\n        style=\"background: url('https:\/\/www.laconchigliahotel.com\/wp-content\/uploads\/2022\/03\/dove-conchiglia.jpg') center center \/ cover no-repeat; min-height: 400px;\"\n        >\n            <\/figure>\n\n    <\/div>\n\n\n<div class=\"col-12 col-md-8 p-5  order-md-2 order-1\"\n     \n\t \n\t>\n        \n\n<h2 class=\"py-3 wp-block-heading\">Nouvelle promenade pi\u00e9tonne<\/h2>\n\n\n\n<p>Une nouvelle fa\u00e7on de vivre vos vacances, avec une <strong>zone pi\u00e9tonne agr\u00e9able avec un trafic limit\u00e9<\/strong>. T\u00e9l\u00e9charger ici le formulaire d'acc\u00e8s \u00e0 la zone ZTL, le remplir avec toutes les donn\u00e9es et <strong>le remettre \u00e0 l'h\u00f4tel \u00e0 l'arriv\u00e9e<\/strong>nous nous occupons de tout ! Veuillez noter que l'acc\u00e8s est autoris\u00e9 pour atteindre l'h\u00f4tel et y s\u00e9journer le temps de <strong>chargement\/d\u00e9chargement des bagages<\/strong>ainsi que pour <strong>l'entr\u00e9e et la sortie du parking de l'h\u00f4tel<\/strong>.<\/p>\n\n\n\n<div class=\"wao-blocks-button\" >\n\t<a href=\"https:\/\/www.laconchigliahotel.com\/wp-content\/uploads\/2022\/03\/autocertificazione-ztl.pdf\" \n\t\tclass=\"btn btn-outline-secondary\"\n        title=\"Permis ZTL H\u00f4tel la Conchiglia Rimini\" \n\t\ttarget=\"_blank\" \n\t>\t\n\t\t\t\tT\u00e9l\u00e9charger le permis ZTL\t\t<i class=\"fas fa-arrow-right ml-3\"><\/i> \t<\/a>\n<\/div>\n    <\/div>\n<\/div>\n<\/section>\n\n<\/div>\n\n<section class=\"wao-blocks-container container-fluid mb-2 gradient\"\n\t\t>\n    \n<section class=\"wao-blocks-container container mb-2 p-md-5 p-3\"\n\t\t>\n    \n\n<h2 class=\"has-text-align-center text-white pb-3 wp-block-heading\">Contactez-nous pour un devis<\/h2>\n\n\n<div class=\"wao-blocks-row row bg-white\" >\n    \n\n<div class=\"col-12 col-md-12 px-md-5\"\n     \n\t \n\t>\n        \n\n<div class=\"merida_root\" id=\"merida_block\"><\/div>\n\n<script>\nvar merida_config_merida_block = {\n    customerId: 675 ,\n    showSuccessModal : true,\n    rootEl: \"merida_block\",\n    childrenAgeMax: 16,\n    childrenAgeMin: 0,\n    layout: \"compact\",\n    language: \"fr\",\n                theme : {\n        colors: {\n            primary: '#a28ec2',\n            primaryTextAlt: '#ffffff',\n            secondary: '#a28ec2',\n            secondaryTextAlt: '#ffffff',\n            text: '#3e464c',\n            error: '#cc0033',\n            formBackground: '#ffffff',\n            label: '#4d4d4d',\n            labelInput: '#a28ec2',\n            labelInputActive: '#a28ec2',\n            inputBackground: '#eeeeee',\n            inputBorder: '#eeeeee',\n            checkboxBorder: '#eeeeee',\n        }\n    },\n    onSuccess : function(res) {\n        \n                        if (typeof(ga) !== 'undefined') {\n                   ga('send', 'event', 'Email', 'Invio', 'Form');\n                }\n                    }\n};\n\n(function(url, cb) {\n    var s = document.createElement(\"script\");\n    s.type = \"text\/javascript\";\n\n    if (s.readyState) { \/\/IE\n        s.onreadystatechange = function() {\n            if (s.readyState == \"loaded\" || s.readyState == \"complete\") {\n                s.onreadystatechange = null;\n                cb();\n            }\n        };\n    } else { \/\/Others\n        s.onload = function() {\n            cb();\n        };\n    }\n\n    s.src = url;\n    document.getElementsByTagName(\"head\")[0].appendChild(s);\n})(\"https:\/\/static.adriasonline.it\/merida\/latest\/merida.js\", function() {\n    window.aoForm = merida(merida_config_merida_block);\n});\n<\/script>\n    <\/div>\n<\/div>\n<\/section>\n<\/section>","protected":false},"excerpt":{"rendered":"","protected":false},"author":1,"featured_media":0,"parent":0,"menu_order":0,"comment_status":"closed","ping_status":"closed","template":"","meta":{"footnotes":""},"class_list":["post-36","page","type-page","status-publish","hentry"],"_links":{"self":[{"href":"https:\/\/www.laconchigliahotel.com\/fr\/wp-json\/wp\/v2\/pages\/36","targetHints":{"allow":["GET"]}}],"collection":[{"href":"https:\/\/www.laconchigliahotel.com\/fr\/wp-json\/wp\/v2\/pages"}],"about":[{"href":"https:\/\/www.laconchigliahotel.com\/fr\/wp-json\/wp\/v2\/types\/page"}],"author":[{"embeddable":true,"href":"https:\/\/www.laconchigliahotel.com\/fr\/wp-json\/wp\/v2\/users\/1"}],"replies":[{"embeddable":true,"href":"https:\/\/www.laconchigliahotel.com\/fr\/wp-json\/wp\/v2\/comments?post=36"}],"version-history":[{"count":11,"href":"https:\/\/www.laconchigliahotel.com\/fr\/wp-json\/wp\/v2\/pages\/36\/revisions"}],"predecessor-version":[{"id":2806,"href":"https:\/\/www.laconchigliahotel.com\/fr\/wp-json\/wp\/v2\/pages\/36\/revisions\/2806"}],"wp:attachment":[{"href":"https:\/\/www.laconchigliahotel.com\/fr\/wp-json\/wp\/v2\/media?parent=36"}],"curies":[{"name":"wp","href":"https:\/\/api.w.org\/{rel}","templated":true}]}}